{"id":1408,"date":"2026-03-16T17:15:51","date_gmt":"2026-03-16T17:15:51","guid":{"rendered":"https:\/\/www.pirttikoskenkyla.fi\/?page_id=1408"},"modified":"2026-03-16T17:34:26","modified_gmt":"2026-03-16T17:34:26","slug":"tarinat-kylalta","status":"publish","type":"page","link":"https:\/\/www.pirttikoskenkyla.fi\/en\/tarinat-kylalta\/","title":{"rendered":"Tarinat kyl\u00e4lt\u00e4"},"content":{"rendered":"<div data-elementor-type=\"wp-page\" data-elementor-id=\"1408\" class=\"elementor elementor-1408\">\n\t\t\t\t\t\t<section class=\"elementor-section elementor-top-section elementor-element elementor-element-0f2434b elementor-section-boxed elementor-section-height-default elementor-section-height-default\" data-id=\"0f2434b\" data-element_type=\"section\">\n\t\t\t\t\t\t<div class=\"elementor-container elementor-column-gap-default\">\n\t\t\t\t\t<div class=\"elementor-column elementor-col-33 elementor-top-column elementor-element elementor-element-aab5b38\" data-id=\"aab5b38\" data-element_type=\"column\">\n\t\t\t<div class=\"elementor-widget-wrap elementor-element-populated\">\n\t\t\t\t\t\t<div class=\"elementor-element elementor-element-2ef6a80 elementor-widget elementor-widget-image\" data-id=\"2ef6a80\" data-element_type=\"widget\" data-widget_type=\"image.default\">\n\t\t\t\t<div class=\"elementor-widget-container\">\n\t\t\t\t\t\t\t\t\t\t\t\t\t\t\t<img fetchpriority=\"high\" decoding=\"async\" width=\"628\" height=\"960\" src=\"https:\/\/www.pirttikoskenkyla.fi\/wp-content\/uploads\/Isokiikku.jpg\" class=\"attachment-large size-large wp-image-1410\" alt=\"\" srcset=\"https:\/\/www.pirttikoskenkyla.fi\/wp-content\/uploads\/Isokiikku.jpg 628w, https:\/\/www.pirttikoskenkyla.fi\/wp-content\/uploads\/Isokiikku-196x300.jpg 196w, https:\/\/www.pirttikoskenkyla.fi\/wp-content\/uploads\/Isokiikku-8x12.jpg 8w\" sizes=\"(max-width: 628px) 100vw, 628px\" \/>\t\t\t\t\t\t\t\t\t\t\t\t\t\t\t<\/div>\n\t\t\t\t<\/div>\n\t\t\t\t\t<\/div>\n\t\t<\/div>\n\t\t\t\t<div class=\"elementor-column elementor-col-33 elementor-top-column elementor-element elementor-element-48c6385\" data-id=\"48c6385\" data-element_type=\"column\">\n\t\t\t<div class=\"elementor-widget-wrap elementor-element-populated\">\n\t\t\t\t\t\t<div class=\"elementor-element elementor-element-fb6075a elementor-widget elementor-widget-text-editor\" data-id=\"fb6075a\" data-element_type=\"widget\" data-widget_type=\"text-editor.default\">\n\t\t\t\t<div class=\"elementor-widget-container\">\n\t\t\t\t\t\t\t\t\t<p>Kyl\u00e4t on tarinoita t\u00e4ynn\u00e4. Niin on Pirttikosken kyl\u00e4kin. Joitakin tarinoita on jo ker\u00e4tty Kyl\u00e4talolle, Ahti -luokkaan kansiooon, mutta nyt niit\u00e4 on tarkoitus ker\u00e4t\u00e4 my\u00f6s t\u00e4nne kaikkien vapaasti luettavaksi.<\/p><p>Vanhat kuvat kertovat joskus enemm\u00e4n kuin tuhat sanaa, mutta joskus on kiva kuulla mik\u00e4 tarina kuvaan liittyy. Ohessa olevasta kuvasta tiedet\u00e4\u00e4n t\u00e4ll\u00e4 hetkell\u00e4 se, ett\u00e4 Isokiikku on sijainnut Ylisell\u00e4ojalla M\u00e4kel\u00e4nkankaalla ja kuvassa olevat henkil\u00f6t ovat: Ylh\u00e4\u00e4ll\u00e4 Helmi P\u00e4rkk\u00e4, edess\u00e4 Antti Keskitalo, takana Saara Erkkil\u00e4 ja alhaalla Hilkka Ponnikas. T\u00e4h\u00e4n kuvaan liittyy varmasti my\u00f6s tarinoita; rakentamisesta, tapaamisista, ilosta tai surusta. Niit\u00e4 olisi kiva kuulla. Nyk\u00e4ise Tiinaa hihasta ja kerro tarinasi tai kirjoita se ja toimita Kyl\u00e4talolle tai s\u00e4hk\u00f6postiin kylatalo@pirttikoskenkyla.fi<\/p>\t\t\t\t\t\t\t\t<\/div>\n\t\t\t\t<\/div>\n\t\t\t\t\t<\/div>\n\t\t<\/div>\n\t\t\t\t<div class=\"elementor-column elementor-col-33 elementor-top-column elementor-element elementor-element-0fa69df\" data-id=\"0fa69df\" data-element_type=\"column\">\n\t\t\t<div class=\"elementor-widget-wrap elementor-element-populated\">\n\t\t\t\t\t\t<div class=\"elementor-element elementor-element-b709fb0 elementor-widget elementor-widget-text-editor\" data-id=\"b709fb0\" data-element_type=\"widget\" data-widget_type=\"text-editor.default\">\n\t\t\t\t<div class=\"elementor-widget-container\">\n\t\t\t\t\t\t\t\t\t<p><a href=\"https:\/\/www.pirttikoskenkyla.fi\/en\/?attachment_id=1412\" target=\"_blank\" rel=\"attachment noopener wp-att-1412\">Uimussuvannon penkkatie, Frans S\u00e4ily 2024<\/a><\/p>\t\t\t\t\t\t\t\t<\/div>\n\t\t\t\t<\/div>\n\t\t\t\t\t<\/div>\n\t\t<\/div>\n\t\t\t\t\t<\/div>\n\t\t<\/section>\n\t\t\t\t<\/div>","protected":false},"excerpt":{"rendered":"<p>Kyl\u00e4t on tarinoita t\u00e4ynn\u00e4. Niin on Pirttikosken kyl\u00e4kin. Joitakin tarinoita on jo ker\u00e4tty Kyl\u00e4talolle, Ahti -luokkaan kansiooon, mutta nyt niit\u00e4 on tarkoitus ker\u00e4t\u00e4 my\u00f6s t\u00e4nne kaikkien vapaasti luettavaksi. Vanhat kuvat kertovat joskus enemm\u00e4n kuin tuhat sanaa, mutta joskus on kiva kuulla mik\u00e4 tarina kuvaan liittyy. Ohessa olevasta kuvasta tiedet\u00e4\u00e4n t\u00e4ll\u00e4 hetkell\u00e4 se, ett\u00e4 Isokiikku on [&hellip;]<\/p>\n","protected":false},"author":2,"featured_media":1413,"parent":0,"menu_order":0,"comment_status":"closed","ping_status":"closed","template":"","meta":{"site-sidebar-layout":"no-sidebar","site-content-layout":"page-builder","ast-site-content-layout":"full-width-container","site-content-style":"unboxed","site-sidebar-style":"unboxed","ast-global-header-display":"","ast-banner-title-visibility":"","ast-main-header-display":"","ast-hfb-above-header-display":"","ast-hfb-below-header-display":"","ast-hfb-mobile-header-display":"","site-post-title":"","ast-breadcrumbs-content":"","ast-featured-img":"disabled","footer-sml-layout":"","ast-disable-related-posts":"","theme-transparent-header-meta":"default","adv-header-id-meta":"","stick-header-meta":"","header-above-stick-meta":"","header-main-stick-meta":"","header-below-stick-meta":"","astra-migrate-meta-layouts":"set","ast-page-background-enabled":"default","ast-page-background-meta":{"desktop":{"background-color":"var(--ast-global-color-4)","background-image":"","background-repeat":"repeat","background-position":"center center","background-size":"auto","background-attachment":"scroll","background-type":"","background-media":"","overlay-type":"","overlay-color":"","overlay-opacity":"","overlay-gradient":""},"tablet":{"background-color":"","background-image":"","background-repeat":"repeat","background-position":"center center","background-size":"auto","background-attachment":"scroll","background-type":"","background-media":"","overlay-type":"","overlay-color":"","overlay-opacity":"","overlay-gradient":""},"mobile":{"background-color":"","background-image":"","background-repeat":"repeat","background-position":"center center","background-size":"auto","background-attachment":"scroll","background-type":"","background-media":"","overlay-type":"","overlay-color":"","overlay-opacity":"","overlay-gradient":""}},"ast-content-background-meta":{"desktop":{"background-color":"var(--ast-global-color-5)","background-image":"","background-repeat":"repeat","background-position":"center center","background-size":"auto","background-attachment":"scroll","background-type":"","background-media":"","overlay-type":"","overlay-color":"","overlay-opacity":"","overlay-gradient":""},"tablet":{"background-color":"var(--ast-global-color-5)","background-image":"","background-repeat":"repeat","background-position":"center center","background-size":"auto","background-attachment":"scroll","background-type":"","background-media":"","overlay-type":"","overlay-color":"","overlay-opacity":"","overlay-gradient":""},"mobile":{"background-color":"var(--ast-global-color-5)","background-image":"","background-repeat":"repeat","background-position":"center center","background-size":"auto","background-attachment":"scroll","background-type":"","background-media":"","overlay-type":"","overlay-color":"","overlay-opacity":"","overlay-gradient":""}},"footnotes":""},"yoast_head":"<!-- This site is optimized with the Yoast SEO plugin v22.6 - https:\/\/yoast.com\/wordpress\/plugins\/seo\/ -->\n<title>Tarinat kyl\u00e4lt\u00e4 - Pirttikosken kyl&auml;<\/title>\n<meta name=\"robots\" content=\"index, follow, max-snippet:-1, max-image-preview:large, max-video-preview:-1\" \/>\n<link rel=\"canonical\" href=\"https:\/\/www.pirttikoskenkyla.fi\/en\/tarinat-kylalta\/\" \/>\n<meta property=\"og:locale\" content=\"en_GB\" \/>\n<meta property=\"og:type\" content=\"article\" \/>\n<meta property=\"og:title\" content=\"Tarinat kyl\u00e4lt\u00e4 - Pirttikosken kyl&auml;\" \/>\n<meta property=\"og:description\" content=\"Kyl\u00e4t on tarinoita t\u00e4ynn\u00e4. Niin on Pirttikosken kyl\u00e4kin. Joitakin tarinoita on jo ker\u00e4tty Kyl\u00e4talolle, Ahti -luokkaan kansiooon, mutta nyt niit\u00e4 on tarkoitus ker\u00e4t\u00e4 my\u00f6s t\u00e4nne kaikkien vapaasti luettavaksi. Vanhat kuvat kertovat joskus enemm\u00e4n kuin tuhat sanaa, mutta joskus on kiva kuulla mik\u00e4 tarina kuvaan liittyy. Ohessa olevasta kuvasta tiedet\u00e4\u00e4n t\u00e4ll\u00e4 hetkell\u00e4 se, ett\u00e4 Isokiikku on [&hellip;]\" \/>\n<meta property=\"og:url\" content=\"https:\/\/www.pirttikoskenkyla.fi\/en\/tarinat-kylalta\/\" \/>\n<meta property=\"og:site_name\" content=\"Pirttikosken kyl&auml;\" \/>\n<meta property=\"article:publisher\" content=\"https:\/\/www.facebook.com\/pirttikoskenkylayhdistys\/\" \/>\n<meta property=\"article:modified_time\" content=\"2026-03-16T17:34:26+00:00\" \/>\n<meta property=\"og:image\" content=\"https:\/\/www.pirttikoskenkyla.fi\/wp-content\/uploads\/Tukinuitto-e1773681329372.jpg\" \/>\n\t<meta property=\"og:image:width\" content=\"928\" \/>\n\t<meta property=\"og:image:height\" content=\"196\" \/>\n\t<meta property=\"og:image:type\" content=\"image\/jpeg\" \/>\n<meta name=\"twitter:card\" content=\"summary_large_image\" \/>\n<script type=\"application\/ld+json\" class=\"yoast-schema-graph\">{\"@context\":\"https:\/\/schema.org\",\"@graph\":[{\"@type\":\"WebPage\",\"@id\":\"https:\/\/www.pirttikoskenkyla.fi\/tarinat-kylalta\/\",\"url\":\"https:\/\/www.pirttikoskenkyla.fi\/tarinat-kylalta\/\",\"name\":\"Tarinat kyl\u00e4lt\u00e4 - Pirttikosken kyl&auml;\",\"isPartOf\":{\"@id\":\"https:\/\/www.pirttikoskenkyla.fi\/#website\"},\"primaryImageOfPage\":{\"@id\":\"https:\/\/www.pirttikoskenkyla.fi\/tarinat-kylalta\/#primaryimage\"},\"image\":{\"@id\":\"https:\/\/www.pirttikoskenkyla.fi\/tarinat-kylalta\/#primaryimage\"},\"thumbnailUrl\":\"https:\/\/www.pirttikoskenkyla.fi\/wp-content\/uploads\/Tukinuitto-e1773681329372.jpg\",\"datePublished\":\"2026-03-16T17:15:51+00:00\",\"dateModified\":\"2026-03-16T17:34:26+00:00\",\"breadcrumb\":{\"@id\":\"https:\/\/www.pirttikoskenkyla.fi\/tarinat-kylalta\/#breadcrumb\"},\"inLanguage\":\"en-GB\",\"potentialAction\":[{\"@type\":\"ReadAction\",\"target\":[\"https:\/\/www.pirttikoskenkyla.fi\/tarinat-kylalta\/\"]}]},{\"@type\":\"ImageObject\",\"inLanguage\":\"en-GB\",\"@id\":\"https:\/\/www.pirttikoskenkyla.fi\/tarinat-kylalta\/#primaryimage\",\"url\":\"https:\/\/www.pirttikoskenkyla.fi\/wp-content\/uploads\/Tukinuitto-e1773681329372.jpg\",\"contentUrl\":\"https:\/\/www.pirttikoskenkyla.fi\/wp-content\/uploads\/Tukinuitto-e1773681329372.jpg\",\"width\":928,\"height\":196},{\"@type\":\"BreadcrumbList\",\"@id\":\"https:\/\/www.pirttikoskenkyla.fi\/tarinat-kylalta\/#breadcrumb\",\"itemListElement\":[{\"@type\":\"ListItem\",\"position\":1,\"name\":\"Etusivu\",\"item\":\"https:\/\/www.pirttikoskenkyla.fi\/\"},{\"@type\":\"ListItem\",\"position\":2,\"name\":\"Tarinat kyl\u00e4lt\u00e4\"}]},{\"@type\":\"WebSite\",\"@id\":\"https:\/\/www.pirttikoskenkyla.fi\/#website\",\"url\":\"https:\/\/www.pirttikoskenkyla.fi\/\",\"name\":\"Pirttikosken kyl&auml;\",\"description\":\"\",\"potentialAction\":[{\"@type\":\"SearchAction\",\"target\":{\"@type\":\"EntryPoint\",\"urlTemplate\":\"https:\/\/www.pirttikoskenkyla.fi\/?s={search_term_string}\"},\"query-input\":\"required name=search_term_string\"}],\"inLanguage\":\"en-GB\"}]}<\/script>\n<!-- \/ Yoast SEO plugin. -->","yoast_head_json":{"title":"Tarinat kyl\u00e4lt\u00e4 - Pirttikosken kyl&auml;","robots":{"index":"index","follow":"follow","max-snippet":"max-snippet:-1","max-image-preview":"max-image-preview:large","max-video-preview":"max-video-preview:-1"},"canonical":"https:\/\/www.pirttikoskenkyla.fi\/en\/tarinat-kylalta\/","og_locale":"en_GB","og_type":"article","og_title":"Tarinat kyl\u00e4lt\u00e4 - Pirttikosken kyl&auml;","og_description":"Kyl\u00e4t on tarinoita t\u00e4ynn\u00e4. Niin on Pirttikosken kyl\u00e4kin. Joitakin tarinoita on jo ker\u00e4tty Kyl\u00e4talolle, Ahti -luokkaan kansiooon, mutta nyt niit\u00e4 on tarkoitus ker\u00e4t\u00e4 my\u00f6s t\u00e4nne kaikkien vapaasti luettavaksi. Vanhat kuvat kertovat joskus enemm\u00e4n kuin tuhat sanaa, mutta joskus on kiva kuulla mik\u00e4 tarina kuvaan liittyy. Ohessa olevasta kuvasta tiedet\u00e4\u00e4n t\u00e4ll\u00e4 hetkell\u00e4 se, ett\u00e4 Isokiikku on [&hellip;]","og_url":"https:\/\/www.pirttikoskenkyla.fi\/en\/tarinat-kylalta\/","og_site_name":"Pirttikosken kyl&auml;","article_publisher":"https:\/\/www.facebook.com\/pirttikoskenkylayhdistys\/","article_modified_time":"2026-03-16T17:34:26+00:00","og_image":[{"width":928,"height":196,"url":"https:\/\/www.pirttikoskenkyla.fi\/wp-content\/uploads\/Tukinuitto-e1773681329372.jpg","type":"image\/jpeg"}],"twitter_card":"summary_large_image","schema":{"@context":"https:\/\/schema.org","@graph":[{"@type":"WebPage","@id":"https:\/\/www.pirttikoskenkyla.fi\/tarinat-kylalta\/","url":"https:\/\/www.pirttikoskenkyla.fi\/tarinat-kylalta\/","name":"Tarinat kyl\u00e4lt\u00e4 - Pirttikosken kyl&auml;","isPartOf":{"@id":"https:\/\/www.pirttikoskenkyla.fi\/#website"},"primaryImageOfPage":{"@id":"https:\/\/www.pirttikoskenkyla.fi\/tarinat-kylalta\/#primaryimage"},"image":{"@id":"https:\/\/www.pirttikoskenkyla.fi\/tarinat-kylalta\/#primaryimage"},"thumbnailUrl":"https:\/\/www.pirttikoskenkyla.fi\/wp-content\/uploads\/Tukinuitto-e1773681329372.jpg","datePublished":"2026-03-16T17:15:51+00:00","dateModified":"2026-03-16T17:34:26+00:00","breadcrumb":{"@id":"https:\/\/www.pirttikoskenkyla.fi\/tarinat-kylalta\/#breadcrumb"},"inLanguage":"en-GB","potentialAction":[{"@type":"ReadAction","target":["https:\/\/www.pirttikoskenkyla.fi\/tarinat-kylalta\/"]}]},{"@type":"ImageObject","inLanguage":"en-GB","@id":"https:\/\/www.pirttikoskenkyla.fi\/tarinat-kylalta\/#primaryimage","url":"https:\/\/www.pirttikoskenkyla.fi\/wp-content\/uploads\/Tukinuitto-e1773681329372.jpg","contentUrl":"https:\/\/www.pirttikoskenkyla.fi\/wp-content\/uploads\/Tukinuitto-e1773681329372.jpg","width":928,"height":196},{"@type":"BreadcrumbList","@id":"https:\/\/www.pirttikoskenkyla.fi\/tarinat-kylalta\/#breadcrumb","itemListElement":[{"@type":"ListItem","position":1,"name":"Etusivu","item":"https:\/\/www.pirttikoskenkyla.fi\/"},{"@type":"ListItem","position":2,"name":"Tarinat kyl\u00e4lt\u00e4"}]},{"@type":"WebSite","@id":"https:\/\/www.pirttikoskenkyla.fi\/#website","url":"https:\/\/www.pirttikoskenkyla.fi\/","name":"Pirttikoski Village","description":"","potentialAction":[{"@type":"SearchAction","target":{"@type":"EntryPoint","urlTemplate":"https:\/\/www.pirttikoskenkyla.fi\/?s={search_term_string}"},"query-input":"required name=search_term_string"}],"inLanguage":"en-GB"}]}},"_links":{"self":[{"href":"https:\/\/www.pirttikoskenkyla.fi\/en\/wp-json\/wp\/v2\/pages\/1408"}],"collection":[{"href":"https:\/\/www.pirttikoskenkyla.fi\/en\/wp-json\/wp\/v2\/pages"}],"about":[{"href":"https:\/\/www.pirttikoskenkyla.fi\/en\/wp-json\/wp\/v2\/types\/page"}],"author":[{"embeddable":true,"href":"https:\/\/www.pirttikoskenkyla.fi\/en\/wp-json\/wp\/v2\/users\/2"}],"replies":[{"embeddable":true,"href":"https:\/\/www.pirttikoskenkyla.fi\/en\/wp-json\/wp\/v2\/comments?post=1408"}],"version-history":[{"count":14,"href":"https:\/\/www.pirttikoskenkyla.fi\/en\/wp-json\/wp\/v2\/pages\/1408\/revisions"}],"predecessor-version":[{"id":1429,"href":"https:\/\/www.pirttikoskenkyla.fi\/en\/wp-json\/wp\/v2\/pages\/1408\/revisions\/1429"}],"wp:featuredmedia":[{"embeddable":true,"href":"https:\/\/www.pirttikoskenkyla.fi\/en\/wp-json\/wp\/v2\/media\/1413"}],"wp:attachment":[{"href":"https:\/\/www.pirttikoskenkyla.fi\/en\/wp-json\/wp\/v2\/media?parent=1408"}],"curies":[{"name":"wp","href":"https:\/\/api.w.org\/{rel}","templated":true}]}}