{"id":20,"date":"2022-09-29T13:56:49","date_gmt":"2022-09-29T13:56:49","guid":{"rendered":"https:\/\/www.pirttikoskenkyla.fi\/?page_id=20"},"modified":"2025-01-24T07:49:00","modified_gmt":"2025-01-24T07:49:00","slug":"pirttikosken-kyla","status":"publish","type":"page","link":"https:\/\/www.pirttikoskenkyla.fi\/en\/","title":{"rendered":"Pirttikoski Village"},"content":{"rendered":"<div data-elementor-type=\"wp-page\" data-elementor-id=\"20\" class=\"elementor elementor-20\">\n\t\t\t\t\t\t<section class=\"elementor-section elementor-top-section elementor-element elementor-element-5b4e8028 elementor-section-height-min-height elementor-section-boxed elementor-section-height-default elementor-section-items-middle\" data-id=\"5b4e8028\" data-element_type=\"section\" data-settings=\"{&quot;background_background&quot;:&quot;classic&quot;}\">\n\t\t\t\t\t\t\t<div class=\"elementor-background-overlay\"><\/div>\n\t\t\t\t\t\t\t<div class=\"elementor-container elementor-column-gap-default\">\n\t\t\t\t\t<section class=\"elementor-column elementor-col-100 elementor-top-column elementor-element elementor-element-517e4296\" data-id=\"517e4296\" data-element_type=\"column\" data-settings=\"{&quot;background_background&quot;:&quot;classic&quot;}\">\n\t\t\t<div class=\"elementor-widget-wrap elementor-element-populated\">\n\t\t\t\t\t\t<div class=\"elementor-element elementor-element-41c7b16b elementor-widget elementor-widget-heading\" data-id=\"41c7b16b\" data-element_type=\"widget\" data-widget_type=\"heading.default\">\n\t\t\t\t<div class=\"elementor-widget-container\">\n\t\t\t\t\t<h1 class=\"elementor-heading-title elementor-size-default\">Pirttikoski Village Association<\/h1>\t\t\t\t<\/div>\n\t\t\t\t<\/div>\n\t\t\t\t<div class=\"elementor-element elementor-element-614c96d7 elementor-widget elementor-widget-text-editor\" data-id=\"614c96d7\" data-element_type=\"widget\" data-widget_type=\"text-editor.default\">\n\t\t\t\t<div class=\"elementor-widget-container\">\n\t\t\t\t\t\t\t\t\t<p style=\"text-align: center;\">Welcome to the Pirttikoski Village Association's website<\/p>\t\t\t\t\t\t\t\t<\/div>\n\t\t\t\t<\/div>\n\t\t\t\t<div class=\"elementor-element elementor-element-7171df6 elementor-align-center elementor-widget elementor-widget-button\" data-id=\"7171df6\" data-element_type=\"widget\" data-widget_type=\"button.default\">\n\t\t\t\t<div class=\"elementor-widget-container\">\n\t\t\t\t\t\t\t\t\t<div class=\"elementor-button-wrapper\">\n\t\t\t\t\t<a class=\"elementor-button elementor-button-link elementor-size-lg\" href=\"https:\/\/www.pirttikoskenkyla.fi\/en\/pirttikoski\/\">\n\t\t\t\t\t\t<span class=\"elementor-button-content-wrapper\">\n\t\t\t\t\t\t\t\t\t<span class=\"elementor-button-text\">Discover Our Village<\/span>\n\t\t\t\t\t<\/span>\n\t\t\t\t\t<\/a>\n\t\t\t\t<\/div>\n\t\t\t\t\t\t\t\t<\/div>\n\t\t\t\t<\/div>\n\t\t\t\t\t<\/div>\n\t\t<\/section>\n\t\t\t\t\t<\/div>\n\t\t<\/section>\n\t\t\t\t<section class=\"elementor-section elementor-top-section elementor-element elementor-element-39a00109 elementor-section-boxed elementor-section-height-default elementor-section-height-default\" data-id=\"39a00109\" data-element_type=\"section\">\n\t\t\t\t\t\t<div class=\"elementor-container elementor-column-gap-default\">\n\t\t\t\t\t<div class=\"elementor-column elementor-col-100 elementor-top-column elementor-element elementor-element-5b1a197d\" data-id=\"5b1a197d\" data-element_type=\"column\">\n\t\t\t<div class=\"elementor-widget-wrap elementor-element-populated\">\n\t\t\t\t\t\t<div class=\"elementor-element elementor-element-1f0822a9 elementor-widget elementor-widget-heading\" data-id=\"1f0822a9\" data-element_type=\"widget\" data-widget_type=\"heading.default\">\n\t\t\t\t<div class=\"elementor-widget-container\">\n\t\t\t\t\t<h2 class=\"elementor-heading-title elementor-size-default\">Current Events<\/h2>\t\t\t\t<\/div>\n\t\t\t\t<\/div>\n\t\t\t\t<div class=\"elementor-element elementor-element-67257cb0 uael-posts-thumbnail-ratio uael-post__cta-fullwidth-yes uael-equal__height-yes elementor-widget elementor-widget-uael-posts\" data-id=\"67257cb0\" data-element_type=\"widget\" data-settings=\"{&quot;classic_slides_to_show_tablet&quot;:1,&quot;classic_slides_to_show&quot;:2,&quot;classic_slides_to_show_mobile&quot;:1,&quot;classic_show_filters&quot;:&quot;no&quot;}\" data-widget_type=\"uael-posts.classic\">\n\t\t\t\t<div class=\"elementor-widget-container\">\n\t\t\t\t\t\t\t<div class=\"uael-post__header\">\n\t\t\t\t\t<\/div>\n\t\t<div class=\"uael-post__body\">\n\t\t\t\n\t\t\n\t\t<div class=\"uael-blog-terms-position- uael-post-image-top uael-post-grid uael-posts\" data-query-type=\"custom\" data-structure=\"normal\" data-layout=\"\" data-page=\"20\" data-skin=\"classic\" data-filter-default=\"\" data-offset-top=\"30\" >\n\n\t\t\t\t\t\t\t<div class=\"uael-post-grid__inner uael-post__columns-2 uael-post__columns-tablet-1 uael-post__columns-mobile-1\">\n\t\t\t\n<div class=\"uael-post-wrapper   ajankohtaista\">\n\t<div class=\"uael-post__bg-wrap uael-bg-wrap-disabled\">\n\n\t\t\t\t\n\t\t<div class=\"uael-post__inner-wrap uael-inner-wrap-disabled\">\n\n\t\t\t\t<div class=\"uael-post__thumbnail\">\n\t\t\t\t\t\t\t<img fetchpriority=\"high\" decoding=\"async\" width=\"1200\" height=\"628\" src=\"https:\/\/www.pirttikoskenkyla.fi\/wp-content\/uploads\/Kopio-joulumyyjaiset-tapahtuma.jpg\" class=\"attachment-full size-full wp-image-662\" alt=\"\" srcset=\"https:\/\/www.pirttikoskenkyla.fi\/wp-content\/uploads\/Kopio-joulumyyjaiset-tapahtuma.jpg 1200w, https:\/\/www.pirttikoskenkyla.fi\/wp-content\/uploads\/Kopio-joulumyyjaiset-tapahtuma-300x157.jpg 300w, https:\/\/www.pirttikoskenkyla.fi\/wp-content\/uploads\/Kopio-joulumyyjaiset-tapahtuma-1024x536.jpg 1024w, https:\/\/www.pirttikoskenkyla.fi\/wp-content\/uploads\/Kopio-joulumyyjaiset-tapahtuma-768x402.jpg 768w\" sizes=\"(max-width: 1200px) 100vw, 1200px\" \/>\t\t\t\t\t\t<\/div>\n\t\t\n\t\t\t\n\t\t\t<div class=\"uael-post__content-wrap uael-content-wrap-disabled\">\n\t\t\t\t\t<h3 class=\"uael-post__title\">\n\n\t\t\n\t\t\t\t\t\t<a href=\"https:\/\/www.pirttikoskenkyla.fi\/en\/1218-2\/\" target=\"_self\">\n\t\t\t\tLiity kyl\u00e4yhdistyksen j\u00e4seneksi 2026\t\t\t<\/a>\n\n\t\t\t\t<\/h3>\n\t\t\t\t\t<div class=\"uael-post__meta-data\">\n\t\t\t\t\t<\/div>\n\t\t\n\t\t<div class=\"uael-post__excerpt\">\n\t\t\tKyl\u00e4yhdistyksen tavoitteena on luoda mukava ja toimiva kyl\u00e4yhteis\u00f6, jossa on hyv\u00e4 asua, viett\u00e4\u00e4 vapaa-aikaa tai vierailla. Yhdess\u00e4 toimien on aina hauskempaa ja lis\u00e4ksi\u00a0 yhteisty\u00f6ss\u00e4 on voimaa, niin talkoissa kuin \u00e4\u00e4nen kuuluville saamisessa. LIITY J\u00c4SENEKSI\t\t<\/div>\n\n\t\t\t\t\t<a class=\"uael-post__read-more elementor-button\" href=\"https:\/\/www.pirttikoskenkyla.fi\/en\/1218-2\/\" target=\"_self\" aria-labelledby=\"uael-post-1218\">\n\t\t\t\t\t<span class=\"elementor-button-content-wrapper\">\n\t\t\t\t\t\t\t\t\t\t\t\t\t\t<span class=\"elementor-button-icon elementor-align-icon-left\">\n\n\t\t\t\t\t\t\t\t\t\n\t\t\t\t\t\t\t\t<\/span>\n\t\t\t\t\t\t\t\t\t\t\t\t\t\n\t\t\t\t\t\t<span class=\"elementor-button-text\" id=\"uael-post-1218\">Lue lis\u00e4\u00e4 \u2192<\/span>\n\t\t\t\t\t<\/span>\n\t\t\t\t<\/a>\n\t\t\t\t\t\t<\/div>\n\t\t\t\n\t\t<\/div>\n\t\t\n\t<\/div>\n\n<\/div>\n\n<div class=\"uael-post-wrapper   ajankohtaista\">\n\t<div class=\"uael-post__bg-wrap uael-bg-wrap-disabled\">\n\n\t\t\t\t\n\t\t<div class=\"uael-post__inner-wrap uael-inner-wrap-disabled\">\n\n\t\t\t\t<div class=\"uael-post__thumbnail\">\n\t\t\t\t\t\t\t<img decoding=\"async\" width=\"1600\" height=\"350\" src=\"https:\/\/www.pirttikoskenkyla.fi\/wp-content\/uploads\/artikkelikuva-Vappubrunssi.jpg\" class=\"attachment-full size-full wp-image-1253\" alt=\"\" srcset=\"https:\/\/www.pirttikoskenkyla.fi\/wp-content\/uploads\/artikkelikuva-Vappubrunssi.jpg 1600w, https:\/\/www.pirttikoskenkyla.fi\/wp-content\/uploads\/artikkelikuva-Vappubrunssi-300x66.jpg 300w, https:\/\/www.pirttikoskenkyla.fi\/wp-content\/uploads\/artikkelikuva-Vappubrunssi-1024x224.jpg 1024w, https:\/\/www.pirttikoskenkyla.fi\/wp-content\/uploads\/artikkelikuva-Vappubrunssi-768x168.jpg 768w, https:\/\/www.pirttikoskenkyla.fi\/wp-content\/uploads\/artikkelikuva-Vappubrunssi-1536x336.jpg 1536w, https:\/\/www.pirttikoskenkyla.fi\/wp-content\/uploads\/artikkelikuva-Vappubrunssi-18x4.jpg 18w\" sizes=\"(max-width: 1600px) 100vw, 1600px\" \/>\t\t\t\t\t\t<\/div>\n\t\t\n\t\t\t\n\t\t\t<div class=\"uael-post__content-wrap uael-content-wrap-disabled\">\n\t\t\t\t\t<h3 class=\"uael-post__title\">\n\n\t\t\n\t\t\t\t\t\t<a href=\"https:\/\/www.pirttikoskenkyla.fi\/en\/vappubrunssi-1-5-klo-11-14\/\" target=\"_self\">\n\t\t\t\tVappuBrunssi 1.5. klo 11 &#8211; 14\t\t\t<\/a>\n\n\t\t\t\t<\/h3>\n\t\t\t\t\t<div class=\"uael-post__meta-data\">\n\t\t\t\t\t<\/div>\n\t\t\n\t\t<div class=\"uael-post__excerpt\">\n\t\t\tVappuBrunssi Kyl\u00e4talolla, os. Pirttikoskentie 585, Pirttikoski 1.5. kl 11 &#8211; 15 Seisovasta p\u00f6yd\u00e4st\u00e4 (alustava): Tervetuliaissima Lounassalaatti (makaronisalaatti)Tuoresalaattiporkkana-paprikasalaattiNakitLihapy\u00f6ryk\u00e4tNugetitKananmunaPikkel\u00f6ity punasipuliValkosipulipaprikatFetajuustosinappi, ketsuppi Leiv\u00e4t (ruisleip\u00e4 \/ s\u00e4mpyl\u00e4)juustotomaatti Vesi, mehu, tuoremehu Hedelm\u00e4salaatti Kahvi \/ tee \/ mehuaVappumunkki \/ MuffinitVaniljapannukakkua ja hilloaKuivakakkuPikkuleiv\u00e4t (Seuraa ilmoittelua, sill\u00e4 ruokalistaan voi tulla viel\u00e4 muutoksia) Hinta: Aikuiset 15 \u20ac Lapset 5 ...\t\t<\/div>\n\n\t\t\t\t\t<a class=\"uael-post__read-more elementor-button\" href=\"https:\/\/www.pirttikoskenkyla.fi\/en\/vappubrunssi-1-5-klo-11-14\/\" target=\"_self\" aria-labelledby=\"uael-post-1431\">\n\t\t\t\t\t<span class=\"elementor-button-content-wrapper\">\n\t\t\t\t\t\t\t\t\t\t\t\t\t\t<span class=\"elementor-button-icon elementor-align-icon-left\">\n\n\t\t\t\t\t\t\t\t\t\n\t\t\t\t\t\t\t\t<\/span>\n\t\t\t\t\t\t\t\t\t\t\t\t\t\n\t\t\t\t\t\t<span class=\"elementor-button-text\" id=\"uael-post-1431\">Lue lis\u00e4\u00e4 \u2192<\/span>\n\t\t\t\t\t<\/span>\n\t\t\t\t<\/a>\n\t\t\t\t\t\t<\/div>\n\t\t\t\n\t\t<\/div>\n\t\t\n\t<\/div>\n\n<\/div>\n\n<div class=\"uael-post-wrapper   ajankohtaista\">\n\t<div class=\"uael-post__bg-wrap uael-bg-wrap-disabled\">\n\n\t\t\t\t\n\t\t<div class=\"uael-post__inner-wrap uael-inner-wrap-disabled\">\n\n\t\t\t\t<div class=\"uael-post__thumbnail\">\n\t\t\t\t\t\t\t<img decoding=\"async\" width=\"1600\" height=\"350\" src=\"https:\/\/www.pirttikoskenkyla.fi\/wp-content\/uploads\/WP-artikkelikuva-Puuhapaiva.png\" class=\"attachment-full size-full wp-image-1151\" alt=\"\" srcset=\"https:\/\/www.pirttikoskenkyla.fi\/wp-content\/uploads\/WP-artikkelikuva-Puuhapaiva.png 1600w, https:\/\/www.pirttikoskenkyla.fi\/wp-content\/uploads\/WP-artikkelikuva-Puuhapaiva-300x66.png 300w, https:\/\/www.pirttikoskenkyla.fi\/wp-content\/uploads\/WP-artikkelikuva-Puuhapaiva-1024x224.png 1024w, https:\/\/www.pirttikoskenkyla.fi\/wp-content\/uploads\/WP-artikkelikuva-Puuhapaiva-768x168.png 768w, https:\/\/www.pirttikoskenkyla.fi\/wp-content\/uploads\/WP-artikkelikuva-Puuhapaiva-1536x336.png 1536w\" sizes=\"(max-width: 1600px) 100vw, 1600px\" \/>\t\t\t\t\t\t<\/div>\n\t\t\n\t\t\t\n\t\t\t<div class=\"uael-post__content-wrap uael-content-wrap-disabled\">\n\t\t\t\t\t<h3 class=\"uael-post__title\">\n\n\t\t\n\t\t\t\t\t\t<a href=\"https:\/\/www.pirttikoskenkyla.fi\/en\/kevatkokous-tiistaina-12-5-klo-19\/\" target=\"_self\">\n\t\t\t\tKev\u00e4tkokous tiistaina 12.5. klo 19\t\t\t<\/a>\n\n\t\t\t\t<\/h3>\n\t\t\t\t\t<div class=\"uael-post__meta-data\">\n\t\t\t\t\t<\/div>\n\t\t\n\t\t<div class=\"uael-post__excerpt\">\n\t\t\tKyl\u00e4yhdistyksen kev\u00e4tkokous tiistaina 12.5. klo 19 Kyl\u00e4talolla Asia: s\u00e4\u00e4nt\u00f6m\u00e4\u00e4r\u00e4iset asiat Pullakahvit tarjolla TERVETULOA\t\t<\/div>\n\n\t\t\t\t\t<a class=\"uael-post__read-more elementor-button\" href=\"https:\/\/www.pirttikoskenkyla.fi\/en\/kevatkokous-tiistaina-12-5-klo-19\/\" target=\"_self\" aria-labelledby=\"uael-post-1439\">\n\t\t\t\t\t<span class=\"elementor-button-content-wrapper\">\n\t\t\t\t\t\t\t\t\t\t\t\t\t\t<span class=\"elementor-button-icon elementor-align-icon-left\">\n\n\t\t\t\t\t\t\t\t\t\n\t\t\t\t\t\t\t\t<\/span>\n\t\t\t\t\t\t\t\t\t\t\t\t\t\n\t\t\t\t\t\t<span class=\"elementor-button-text\" id=\"uael-post-1439\">Lue lis\u00e4\u00e4 \u2192<\/span>\n\t\t\t\t\t<\/span>\n\t\t\t\t<\/a>\n\t\t\t\t\t\t<\/div>\n\t\t\t\n\t\t<\/div>\n\t\t\n\t<\/div>\n\n<\/div>\n\t\t\t\t<\/div>\n\t\t\t\t\t\t\n\t\t<\/div>\n\n\t\t\t\t\t\t<\/div>\n\t\t<div class=\"uael-post__footer\">\n\t\t\t\t\t<\/div>\n\t\t\t\t\t\t<\/div>\n\t\t\t\t<\/div>\n\t\t\t\t\t<\/div>\n\t\t<\/div>\n\t\t\t\t\t<\/div>\n\t\t<\/section>\n\t\t\t\t<section class=\"elementor-section elementor-top-section elementor-element elementor-element-2e3dc680 elementor-section-boxed elementor-section-height-default elementor-section-height-default\" data-id=\"2e3dc680\" data-element_type=\"section\">\n\t\t\t\t\t\t<div class=\"elementor-container elementor-column-gap-default\">\n\t\t\t\t\t<div class=\"elementor-column elementor-col-100 elementor-top-column elementor-element elementor-element-19b20ae8\" data-id=\"19b20ae8\" data-element_type=\"column\">\n\t\t\t<div class=\"elementor-widget-wrap elementor-element-populated\">\n\t\t\t\t\t\t<div class=\"elementor-element elementor-element-551a1c77 elementor-widget elementor-widget-heading\" data-id=\"551a1c77\" data-element_type=\"widget\" data-widget_type=\"heading.default\">\n\t\t\t\t<div class=\"elementor-widget-container\">\n\t\t\t\t\t<h2 class=\"elementor-heading-title elementor-size-default\">Follow us on social media<\/h2>\t\t\t\t<\/div>\n\t\t\t\t<\/div>\n\t\t\t\t<div class=\"elementor-element elementor-element-17784f2f elementor-shape-circle elementor-grid-0 e-grid-align-center elementor-widget elementor-widget-social-icons\" data-id=\"17784f2f\" data-element_type=\"widget\" data-widget_type=\"social-icons.default\">\n\t\t\t\t<div class=\"elementor-widget-container\">\n\t\t\t\t\t\t\t<div class=\"elementor-social-icons-wrapper elementor-grid\">\n\t\t\t\t\t\t\t<span class=\"elementor-grid-item\">\n\t\t\t\t\t<a class=\"elementor-icon elementor-social-icon elementor-social-icon-facebook elementor-repeater-item-e93d79b\" href=\"https:\/\/www.facebook.com\/pirttikoskenkylayhdistys\/\" target=\"_blank\">\n\t\t\t\t\t\t<span class=\"elementor-screen-only\">Facebook<\/span>\n\t\t\t\t\t\t<i class=\"fab fa-facebook\"><\/i>\t\t\t\t\t<\/a>\n\t\t\t\t<\/span>\n\t\t\t\t\t\t\t<span class=\"elementor-grid-item\">\n\t\t\t\t\t<a class=\"elementor-icon elementor-social-icon elementor-social-icon-instagram elementor-repeater-item-ea9433c\" href=\"https:\/\/www.instagram.com\/pirttikoskenkylayhdistys\/\" target=\"_blank\">\n\t\t\t\t\t\t<span class=\"elementor-screen-only\">Instagram<\/span>\n\t\t\t\t\t\t<i class=\"fab fa-instagram\"><\/i>\t\t\t\t\t<\/a>\n\t\t\t\t<\/span>\n\t\t\t\t\t<\/div>\n\t\t\t\t\t\t<\/div>\n\t\t\t\t<\/div>\n\t\t\t\t<section class=\"elementor-section elementor-inner-section elementor-element elementor-element-65350998 elementor-section-boxed elementor-section-height-default elementor-section-height-default\" data-id=\"65350998\" data-element_type=\"section\">\n\t\t\t\t\t\t<div class=\"elementor-container elementor-column-gap-default\">\n\t\t\t\t\t<div class=\"elementor-column elementor-col-100 elementor-inner-column elementor-element elementor-element-7af25a84\" data-id=\"7af25a84\" data-element_type=\"column\">\n\t\t\t<div class=\"elementor-widget-wrap\">\n\t\t\t\t\t\t\t<\/div>\n\t\t<\/div>\n\t\t\t\t\t<\/div>\n\t\t<\/section>\n\t\t\t\t<div class=\"elementor-element elementor-element-53437ee9 elementor-widget elementor-widget-spacer\" data-id=\"53437ee9\" data-element_type=\"widget\" data-widget_type=\"spacer.default\">\n\t\t\t\t<div class=\"elementor-widget-container\">\n\t\t\t\t\t\t\t<div class=\"elementor-spacer\">\n\t\t\t<div class=\"elementor-spacer-inner\"><\/div>\n\t\t<\/div>\n\t\t\t\t\t\t<\/div>\n\t\t\t\t<\/div>\n\t\t\t\t\t<\/div>\n\t\t<\/div>\n\t\t\t\t\t<\/div>\n\t\t<\/section>\n\t\t\t\t<\/div>","protected":false},"excerpt":{"rendered":"<p>Pirttikosken kyl\u00e4yhdistys Tervetuloa Pirttikosken kyl\u00e4yhdistyksen sivuille Tutustu kyl\u00e4\u00e4mme Ajankohtaista Liity kyl\u00e4yhdistyksen j\u00e4seneksi 2025 Kyl\u00e4yhdistyksen tavoitteena on luoda mukava ja toimiva kyl\u00e4yhteis\u00f6, jossa on hyv\u00e4 asua, viett\u00e4\u00e4 vapaa-aikaa tai vierailla. Yhdess\u00e4 toimien on aina hauskempaa ja lis\u00e4ksi\u00a0 yhteisty\u00f6ss\u00e4 on voimaa, niin talkoissa kuin \u00e4\u00e4nen kuuluville saamisessa. LIITY J\u00c4SENEKSI Lue lis\u00e4\u00e4 \u2192 Seuraa meit\u00e4 somessa Facebook Instagram<\/p>","protected":false},"author":1,"featured_media":0,"parent":0,"menu_order":0,"comment_status":"closed","ping_status":"closed","template":"","meta":{"site-sidebar-layout":"no-sidebar","site-content-layout":"plain-container","ast-site-content-layout":"default","site-content-style":"default","site-sidebar-style":"default","ast-global-header-display":"","ast-banner-title-visibility":"","ast-main-header-display":"","ast-hfb-above-header-display":"","ast-hfb-below-header-display":"","ast-hfb-mobile-header-display":"","site-post-title":"disabled","ast-breadcrumbs-content":"","ast-featured-img":"disabled","footer-sml-layout":"","ast-disable-related-posts":"","theme-transparent-header-meta":"default","adv-header-id-meta":"","stick-header-meta":"","header-above-stick-meta":"","header-main-stick-meta":"","header-below-stick-meta":"","astra-migrate-meta-layouts":"default","ast-page-background-enabled":"default","ast-page-background-meta":{"desktop":{"background-color":"var(--ast-global-color-4)","background-image":"","background-repeat":"repeat","background-position":"center center","background-size":"auto","background-attachment":"scroll","background-type":"","background-media":"","overlay-type":"","overlay-color":"","overlay-opacity":"","overlay-gradient":""},"tablet":{"background-color":"","background-image":"","background-repeat":"repeat","background-position":"center center","background-size":"auto","background-attachment":"scroll","background-type":"","background-media":"","overlay-type":"","overlay-color":"","overlay-opacity":"","overlay-gradient":""},"mobile":{"background-color":"","background-image":"","background-repeat":"repeat","background-position":"center center","background-size":"auto","background-attachment":"scroll","background-type":"","background-media":"","overlay-type":"","overlay-color":"","overlay-opacity":"","overlay-gradient":""}},"ast-content-background-meta":{"desktop":{"background-color":"var(--ast-global-color-5)","background-image":"","background-repeat":"repeat","background-position":"center center","background-size":"auto","background-attachment":"scroll","background-type":"","background-media":"","overlay-type":"","overlay-color":"","overlay-opacity":"","overlay-gradient":""},"tablet":{"background-color":"var(--ast-global-color-5)","background-image":"","background-repeat":"repeat","background-position":"center center","background-size":"auto","background-attachment":"scroll","background-type":"","background-media":"","overlay-type":"","overlay-color":"","overlay-opacity":"","overlay-gradient":""},"mobile":{"background-color":"var(--ast-global-color-5)","background-image":"","background-repeat":"repeat","background-position":"center center","background-size":"auto","background-attachment":"scroll","background-type":"","background-media":"","overlay-type":"","overlay-color":"","overlay-opacity":"","overlay-gradient":""}},"footnotes":""},"yoast_head":"<!-- This site is optimized with the Yoast SEO plugin v22.6 - https:\/\/yoast.com\/wordpress\/plugins\/seo\/ -->\n<title>Pirttikosken kyl\u00e4 | Pyh\u00e4joki<\/title>\n<meta name=\"description\" content=\"Tervetuloa tutustumaan Pirttikosken kyl\u00e4\u00e4n! Pirttikosken kyl\u00e4 sijaitsee Pyh\u00e4joella, Pohjois-Pohjanmaalla.\" \/>\n<meta name=\"robots\" content=\"index, follow, max-snippet:-1, max-image-preview:large, max-video-preview:-1\" \/>\n<link rel=\"canonical\" href=\"https:\/\/www.pirttikoskenkyla.fi\/en\/\" \/>\n<meta property=\"og:locale\" content=\"en_GB\" \/>\n<meta property=\"og:type\" content=\"article\" \/>\n<meta property=\"og:title\" content=\"Pirttikosken kyl\u00e4 | Pyh\u00e4joki\" \/>\n<meta property=\"og:description\" content=\"Tervetuloa tutustumaan Pirttikosken kyl\u00e4\u00e4n! Pirttikosken kyl\u00e4 sijaitsee Pyh\u00e4joella, Pohjois-Pohjanmaalla.\" \/>\n<meta property=\"og:url\" content=\"https:\/\/www.pirttikoskenkyla.fi\/en\/\" \/>\n<meta property=\"og:site_name\" content=\"Pirttikosken kyl&auml;\" \/>\n<meta property=\"article:publisher\" content=\"https:\/\/www.facebook.com\/pirttikoskenkylayhdistys\/\" \/>\n<meta property=\"article:modified_time\" content=\"2025-01-24T07:49:00+00:00\" \/>\n<meta property=\"og:image\" content=\"https:\/\/www.pirttikoskenkyla.fi\/wp-content\/uploads\/Kopio-joulumyyjaiset-tapahtuma.jpg\" \/>\n<meta name=\"twitter:card\" content=\"summary_large_image\" \/>\n<script type=\"application\/ld+json\" class=\"yoast-schema-graph\">{\"@context\":\"https:\/\/schema.org\",\"@graph\":[{\"@type\":\"WebPage\",\"@id\":\"https:\/\/www.pirttikoskenkyla.fi\/\",\"url\":\"https:\/\/www.pirttikoskenkyla.fi\/\",\"name\":\"Pirttikosken kyl\u00e4 | Pyh\u00e4joki\",\"isPartOf\":{\"@id\":\"https:\/\/www.pirttikoskenkyla.fi\/#website\"},\"primaryImageOfPage\":{\"@id\":\"https:\/\/www.pirttikoskenkyla.fi\/#primaryimage\"},\"image\":{\"@id\":\"https:\/\/www.pirttikoskenkyla.fi\/#primaryimage\"},\"thumbnailUrl\":\"https:\/\/www.pirttikoskenkyla.fi\/wp-content\/uploads\/Kopio-joulumyyjaiset-tapahtuma.jpg\",\"datePublished\":\"2022-09-29T13:56:49+00:00\",\"dateModified\":\"2025-01-24T07:49:00+00:00\",\"description\":\"Tervetuloa tutustumaan Pirttikosken kyl\u00e4\u00e4n! Pirttikosken kyl\u00e4 sijaitsee Pyh\u00e4joella, Pohjois-Pohjanmaalla.\",\"breadcrumb\":{\"@id\":\"https:\/\/www.pirttikoskenkyla.fi\/#breadcrumb\"},\"inLanguage\":\"en-GB\",\"potentialAction\":[{\"@type\":\"ReadAction\",\"target\":[\"https:\/\/www.pirttikoskenkyla.fi\/\"]}]},{\"@type\":\"ImageObject\",\"inLanguage\":\"en-GB\",\"@id\":\"https:\/\/www.pirttikoskenkyla.fi\/#primaryimage\",\"url\":\"https:\/\/www.pirttikoskenkyla.fi\/wp-content\/uploads\/Kopio-joulumyyjaiset-tapahtuma.jpg\",\"contentUrl\":\"https:\/\/www.pirttikoskenkyla.fi\/wp-content\/uploads\/Kopio-joulumyyjaiset-tapahtuma.jpg\"},{\"@type\":\"BreadcrumbList\",\"@id\":\"https:\/\/www.pirttikoskenkyla.fi\/#breadcrumb\",\"itemListElement\":[{\"@type\":\"ListItem\",\"position\":1,\"name\":\"Etusivu\",\"item\":\"https:\/\/www.pirttikoskenkyla.fi\/\"},{\"@type\":\"ListItem\",\"position\":2,\"name\":\"Pirttikosken kyl\u00e4\"}]},{\"@type\":\"WebSite\",\"@id\":\"https:\/\/www.pirttikoskenkyla.fi\/#website\",\"url\":\"https:\/\/www.pirttikoskenkyla.fi\/\",\"name\":\"Pirttikosken kyl&auml;\",\"description\":\"\",\"potentialAction\":[{\"@type\":\"SearchAction\",\"target\":{\"@type\":\"EntryPoint\",\"urlTemplate\":\"https:\/\/www.pirttikoskenkyla.fi\/?s={search_term_string}\"},\"query-input\":\"required name=search_term_string\"}],\"inLanguage\":\"en-GB\"}]}<\/script>\n<!-- \/ Yoast SEO plugin. -->","yoast_head_json":{"title":"Pirttikosken kyl\u00e4 | Pyh\u00e4joki","description":"Tervetuloa tutustumaan Pirttikosken kyl\u00e4\u00e4n! Pirttikosken kyl\u00e4 sijaitsee Pyh\u00e4joella, Pohjois-Pohjanmaalla.","robots":{"index":"index","follow":"follow","max-snippet":"max-snippet:-1","max-image-preview":"max-image-preview:large","max-video-preview":"max-video-preview:-1"},"canonical":"https:\/\/www.pirttikoskenkyla.fi\/en\/","og_locale":"en_GB","og_type":"article","og_title":"Pirttikosken kyl\u00e4 | Pyh\u00e4joki","og_description":"Tervetuloa tutustumaan Pirttikosken kyl\u00e4\u00e4n! Pirttikosken kyl\u00e4 sijaitsee Pyh\u00e4joella, Pohjois-Pohjanmaalla.","og_url":"https:\/\/www.pirttikoskenkyla.fi\/en\/","og_site_name":"Pirttikosken kyl&auml;","article_publisher":"https:\/\/www.facebook.com\/pirttikoskenkylayhdistys\/","article_modified_time":"2025-01-24T07:49:00+00:00","og_image":[{"url":"https:\/\/www.pirttikoskenkyla.fi\/wp-content\/uploads\/Kopio-joulumyyjaiset-tapahtuma.jpg"}],"twitter_card":"summary_large_image","schema":{"@context":"https:\/\/schema.org","@graph":[{"@type":"WebPage","@id":"https:\/\/www.pirttikoskenkyla.fi\/","url":"https:\/\/www.pirttikoskenkyla.fi\/","name":"Pirttikosken kyl\u00e4 | Pyh\u00e4joki","isPartOf":{"@id":"https:\/\/www.pirttikoskenkyla.fi\/#website"},"primaryImageOfPage":{"@id":"https:\/\/www.pirttikoskenkyla.fi\/#primaryimage"},"image":{"@id":"https:\/\/www.pirttikoskenkyla.fi\/#primaryimage"},"thumbnailUrl":"https:\/\/www.pirttikoskenkyla.fi\/wp-content\/uploads\/Kopio-joulumyyjaiset-tapahtuma.jpg","datePublished":"2022-09-29T13:56:49+00:00","dateModified":"2025-01-24T07:49:00+00:00","description":"Tervetuloa tutustumaan Pirttikosken kyl\u00e4\u00e4n! Pirttikosken kyl\u00e4 sijaitsee Pyh\u00e4joella, Pohjois-Pohjanmaalla.","breadcrumb":{"@id":"https:\/\/www.pirttikoskenkyla.fi\/#breadcrumb"},"inLanguage":"en-GB","potentialAction":[{"@type":"ReadAction","target":["https:\/\/www.pirttikoskenkyla.fi\/"]}]},{"@type":"ImageObject","inLanguage":"en-GB","@id":"https:\/\/www.pirttikoskenkyla.fi\/#primaryimage","url":"https:\/\/www.pirttikoskenkyla.fi\/wp-content\/uploads\/Kopio-joulumyyjaiset-tapahtuma.jpg","contentUrl":"https:\/\/www.pirttikoskenkyla.fi\/wp-content\/uploads\/Kopio-joulumyyjaiset-tapahtuma.jpg"},{"@type":"BreadcrumbList","@id":"https:\/\/www.pirttikoskenkyla.fi\/#breadcrumb","itemListElement":[{"@type":"ListItem","position":1,"name":"Etusivu","item":"https:\/\/www.pirttikoskenkyla.fi\/"},{"@type":"ListItem","position":2,"name":"Pirttikosken kyl\u00e4"}]},{"@type":"WebSite","@id":"https:\/\/www.pirttikoskenkyla.fi\/#website","url":"https:\/\/www.pirttikoskenkyla.fi\/","name":"Pirttikoski Village","description":"","potentialAction":[{"@type":"SearchAction","target":{"@type":"EntryPoint","urlTemplate":"https:\/\/www.pirttikoskenkyla.fi\/?s={search_term_string}"},"query-input":"required name=search_term_string"}],"inLanguage":"en-GB"}]}},"_links":{"self":[{"href":"https:\/\/www.pirttikoskenkyla.fi\/en\/wp-json\/wp\/v2\/pages\/20"}],"collection":[{"href":"https:\/\/www.pirttikoskenkyla.fi\/en\/wp-json\/wp\/v2\/pages"}],"about":[{"href":"https:\/\/www.pirttikoskenkyla.fi\/en\/wp-json\/wp\/v2\/types\/page"}],"author":[{"embeddable":true,"href":"https:\/\/www.pirttikoskenkyla.fi\/en\/wp-json\/wp\/v2\/users\/1"}],"replies":[{"embeddable":true,"href":"https:\/\/www.pirttikoskenkyla.fi\/en\/wp-json\/wp\/v2\/comments?post=20"}],"version-history":[{"count":64,"href":"https:\/\/www.pirttikoskenkyla.fi\/en\/wp-json\/wp\/v2\/pages\/20\/revisions"}],"predecessor-version":[{"id":1236,"href":"https:\/\/www.pirttikoskenkyla.fi\/en\/wp-json\/wp\/v2\/pages\/20\/revisions\/1236"}],"wp:attachment":[{"href":"https:\/\/www.pirttikoskenkyla.fi\/en\/wp-json\/wp\/v2\/media?parent=20"}],"curies":[{"name":"wp","href":"https:\/\/api.w.org\/{rel}","templated":true}]}}