{"id":285,"date":"2022-09-30T17:21:57","date_gmt":"2022-09-30T17:21:57","guid":{"rendered":"https:\/\/www.pirttikoskenkyla.fi\/?page_id=285"},"modified":"2025-02-06T17:34:22","modified_gmt":"2025-02-06T17:34:22","slug":"vuokrattavana","status":"publish","type":"page","link":"https:\/\/www.pirttikoskenkyla.fi\/en\/vuokrattavana\/","title":{"rendered":"For Rent"},"content":{"rendered":"<div data-elementor-type=\"wp-page\" data-elementor-id=\"285\" class=\"elementor elementor-285\">\n\t\t\t\t\t\t<section class=\"elementor-section elementor-top-section elementor-element elementor-element-bd466b3 elementor-section-boxed elementor-section-height-default elementor-section-height-default\" data-id=\"bd466b3\" data-element_type=\"section\">\n\t\t\t\t\t\t<div class=\"elementor-container elementor-column-gap-default\">\n\t\t\t\t\t<div class=\"elementor-column elementor-col-50 elementor-top-column elementor-element elementor-element-37d1568e\" data-id=\"37d1568e\" data-element_type=\"column\">\n\t\t\t<div class=\"elementor-widget-wrap elementor-element-populated\">\n\t\t\t\t\t\t<div class=\"elementor-element elementor-element-4c9909a7 elementor-widget elementor-widget-text-editor\" data-id=\"4c9909a7\" data-element_type=\"widget\" data-widget_type=\"text-editor.default\">\n\t\t\t\t<div class=\"elementor-widget-container\">\n\t\t\t\t\t\t\t\t\t<h2>Pop-up -teltta<\/h2>\n<ul>\n<li>Koko 4 x 4 m, valkoinen, nopea ja helppo pystytt\u00e4\u00e4<\/li>\n<li>Teltan paino n. 40 kg, osat kolmessa kantokassissa<\/li>\n<li>Sivusein\u00e4t (ikkunasein\u00e4, umpisein\u00e4t ja suljettava ovi)<\/li>\n<li>Metallipainot 4 x 15 kg<\/li>\n<\/ul>\n<p><strong>Hinnat<\/strong><\/p>\n<ul>\n<li>Kyl\u00e4l\u00e4isille maksuton<\/li>\n<li>Yksityisille ja yhdistyksille: 30 \u20ac\/vrk, 50 \u20ac\/3 vrk (esim. pe &#8211; su)<\/li>\n<li>Yrityksille: 100 \u20ac\/ vrk + 30 \u20ac seuraavat vuorokaudet<\/li>\n<\/ul>\n<p><strong>Tiedustelu ja varaukset:<br><\/strong>kylatalo (at) pirttikoskenkyla.fi \/ 050 553 7620, P\u00e4ivi&nbsp;<strong><br><\/strong><\/p>\t\t\t\t\t\t\t\t<\/div>\n\t\t\t\t<\/div>\n\t\t\t\t\t<\/div>\n\t\t<\/div>\n\t\t\t\t<div class=\"elementor-column elementor-col-50 elementor-top-column elementor-element elementor-element-4f368cd3\" data-id=\"4f368cd3\" data-element_type=\"column\">\n\t\t\t<div class=\"elementor-widget-wrap elementor-element-populated\">\n\t\t\t\t\t\t<div class=\"elementor-element elementor-element-41a7f74 elementor-widget elementor-widget-image\" data-id=\"41a7f74\" data-element_type=\"widget\" data-widget_type=\"image.default\">\n\t\t\t\t<div class=\"elementor-widget-container\">\n\t\t\t\t\t\t\t\t\t\t\t\t\t\t\t<img fetchpriority=\"high\" decoding=\"async\" width=\"600\" height=\"400\" src=\"https:\/\/www.pirttikoskenkyla.fi\/wp-content\/uploads\/popupteltta.jpg\" class=\"attachment-large size-large wp-image-288\" alt=\"\" srcset=\"https:\/\/www.pirttikoskenkyla.fi\/wp-content\/uploads\/popupteltta.jpg 600w, https:\/\/www.pirttikoskenkyla.fi\/wp-content\/uploads\/popupteltta-300x200.jpg 300w\" sizes=\"(max-width: 600px) 100vw, 600px\" \/>\t\t\t\t\t\t\t\t\t\t\t\t\t\t\t<\/div>\n\t\t\t\t<\/div>\n\t\t\t\t\t<\/div>\n\t\t<\/div>\n\t\t\t\t\t<\/div>\n\t\t<\/section>\n\t\t\t\t<section class=\"elementor-section elementor-top-section elementor-element elementor-element-48c515eb elementor-section-boxed elementor-section-height-default elementor-section-height-default\" data-id=\"48c515eb\" data-element_type=\"section\" data-settings=\"{&quot;background_background&quot;:&quot;classic&quot;}\">\n\t\t\t\t\t\t<div class=\"elementor-container elementor-column-gap-default\">\n\t\t\t\t\t<div class=\"elementor-column elementor-col-50 elementor-top-column elementor-element elementor-element-3b35f048\" data-id=\"3b35f048\" data-element_type=\"column\">\n\t\t\t<div class=\"elementor-widget-wrap elementor-element-populated\">\n\t\t\t\t\t\t<div class=\"elementor-element elementor-element-219bc87 elementor-widget elementor-widget-image\" data-id=\"219bc87\" data-element_type=\"widget\" data-widget_type=\"image.default\">\n\t\t\t\t<div class=\"elementor-widget-container\">\n\t\t\t\t\t\t\t\t\t\t\t\t\t\t\t<img decoding=\"async\" width=\"600\" height=\"401\" src=\"https:\/\/www.pirttikoskenkyla.fi\/wp-content\/uploads\/astiasto.jpg\" class=\"attachment-large size-large wp-image-289\" alt=\"\" srcset=\"https:\/\/www.pirttikoskenkyla.fi\/wp-content\/uploads\/astiasto.jpg 600w, https:\/\/www.pirttikoskenkyla.fi\/wp-content\/uploads\/astiasto-300x201.jpg 300w\" sizes=\"(max-width: 600px) 100vw, 600px\" \/>\t\t\t\t\t\t\t\t\t\t\t\t\t\t\t<\/div>\n\t\t\t\t<\/div>\n\t\t\t\t\t<\/div>\n\t\t<\/div>\n\t\t\t\t<div class=\"elementor-column elementor-col-50 elementor-top-column elementor-element elementor-element-bcd9764\" data-id=\"bcd9764\" data-element_type=\"column\">\n\t\t\t<div class=\"elementor-widget-wrap elementor-element-populated\">\n\t\t\t\t\t\t<div class=\"elementor-element elementor-element-61321f0d elementor-widget elementor-widget-text-editor\" data-id=\"61321f0d\" data-element_type=\"widget\" data-widget_type=\"text-editor.default\">\n\t\t\t\t<div class=\"elementor-widget-container\">\n\t\t\t\t\t\t\t\t\t<h2>Astiasto<\/h2><p>Pirttikosken Maaseutunaiset vuokraavat ruoka- ja kahvikalustoa. (HUOM! astiasto on valkoinen. Kuva v\u00e4\u00e4rist\u00e4\u00e4 v\u00e4ri\u00e4)<\/p><ul><li>Kahvikalusto max. 100 hengelle<\/li><li>Ruokakalusto max. 150 hengelle<\/li><li>Kahvinkeitin 1,5 litraa (laitoskeitin)<\/li><li>Valkoisia p\u00f6yt\u00e4liinoja 8 kappaletta<\/li><li>J\u00e4lkiruokakulhoja<\/li><li>Tarjoilukulhoja<\/li><li>Kannuja<\/li><li>Kerrostarjoiluvati<\/li><li>Tarjottimia<\/li><li>Isoja kattiloita<\/li><li>Ym.<\/li><\/ul><p><strong>Tiedustelut ja varaukset:<\/strong><br \/>Maaseutunaiset, Katja M\u00f6tt\u00f6nen<br \/>044 535 9602 \/ katja.tiainen@wippies.fi<\/p>\t\t\t\t\t\t\t\t<\/div>\n\t\t\t\t<\/div>\n\t\t\t\t\t<\/div>\n\t\t<\/div>\n\t\t\t\t\t<\/div>\n\t\t<\/section>\n\t\t\t\t<section class=\"elementor-section elementor-top-section elementor-element elementor-element-a45ed63 elementor-section-boxed elementor-section-height-default elementor-section-height-default\" data-id=\"a45ed63\" data-element_type=\"section\">\n\t\t\t\t\t\t<div class=\"elementor-container elementor-column-gap-default\">\n\t\t\t\t\t<div class=\"elementor-column elementor-col-100 elementor-top-column elementor-element elementor-element-ccf285f\" data-id=\"ccf285f\" data-element_type=\"column\">\n\t\t\t<div class=\"elementor-widget-wrap elementor-element-populated\">\n\t\t\t\t\t\t<div class=\"elementor-element elementor-element-aeeb39f elementor-widget elementor-widget-heading\" data-id=\"aeeb39f\" data-element_type=\"widget\" data-widget_type=\"heading.default\">\n\t\t\t\t<div class=\"elementor-widget-container\">\n\t\t\t\t\t<h2 class=\"elementor-heading-title elementor-size-default\">Lis\u00e4\u00e4 otsikkotekstisi t\u00e4h\u00e4n<\/h2>\t\t\t\t<\/div>\n\t\t\t\t<\/div>\n\t\t\t\t\t<\/div>\n\t\t<\/div>\n\t\t\t\t\t<\/div>\n\t\t<\/section>\n\t\t\t\t<\/div>","protected":false},"excerpt":{"rendered":"<p>Pop-up -teltta Koko 4 x 4 m, valkoinen, nopea ja helppo pystytt\u00e4\u00e4 Teltan paino n. 40 kg, osat kolmessa kantokassissa Sivusein\u00e4t (ikkunasein\u00e4, umpisein\u00e4t ja suljettava ovi) Metallipainot 4 x 15 kg Hinnat Kyl\u00e4l\u00e4isille maksuton Yksityisille ja yhdistyksille: 30 \u20ac\/vrk, 50 \u20ac\/3 vrk (esim. pe &#8211; su) Yrityksille: 100 \u20ac\/ vrk + 30 \u20ac seuraavat vuorokaudet [&hellip;]<\/p>\n","protected":false},"author":1,"featured_media":0,"parent":0,"menu_order":0,"comment_status":"closed","ping_status":"closed","template":"","meta":{"site-sidebar-layout":"no-sidebar","site-content-layout":"plain-container","ast-site-content-layout":"default","site-content-style":"default","site-sidebar-style":"default","ast-global-header-display":"","ast-banner-title-visibility":"","ast-main-header-display":"","ast-hfb-above-header-display":"","ast-hfb-below-header-display":"","ast-hfb-mobile-header-display":"","site-post-title":"disabled","ast-breadcrumbs-content":"","ast-featured-img":"disabled","footer-sml-layout":"","ast-disable-related-posts":"","theme-transparent-header-meta":"default","adv-header-id-meta":"","stick-header-meta":"","header-above-stick-meta":"","header-main-stick-meta":"","header-below-stick-meta":"","astra-migrate-meta-layouts":"default","ast-page-background-enabled":"default","ast-page-background-meta":{"desktop":{"background-color":"var(--ast-global-color-4)","background-image":"","background-repeat":"repeat","background-position":"center center","background-size":"auto","background-attachment":"scroll","background-type":"","background-media":"","overlay-type":"","overlay-color":"","overlay-opacity":"","overlay-gradient":""},"tablet":{"background-color":"","background-image":"","background-repeat":"repeat","background-position":"center center","background-size":"auto","background-attachment":"scroll","background-type":"","background-media":"","overlay-type":"","overlay-color":"","overlay-opacity":"","overlay-gradient":""},"mobile":{"background-color":"","background-image":"","background-repeat":"repeat","background-position":"center center","background-size":"auto","background-attachment":"scroll","background-type":"","background-media":"","overlay-type":"","overlay-color":"","overlay-opacity":"","overlay-gradient":""}},"ast-content-background-meta":{"desktop":{"background-color":"var(--ast-global-color-5)","background-image":"","background-repeat":"repeat","background-position":"center center","background-size":"auto","background-attachment":"scroll","background-type":"","background-media":"","overlay-type":"","overlay-color":"","overlay-opacity":"","overlay-gradient":""},"tablet":{"background-color":"var(--ast-global-color-5)","background-image":"","background-repeat":"repeat","background-position":"center center","background-size":"auto","background-attachment":"scroll","background-type":"","background-media":"","overlay-type":"","overlay-color":"","overlay-opacity":"","overlay-gradient":""},"mobile":{"background-color":"var(--ast-global-color-5)","background-image":"","background-repeat":"repeat","background-position":"center center","background-size":"auto","background-attachment":"scroll","background-type":"","background-media":"","overlay-type":"","overlay-color":"","overlay-opacity":"","overlay-gradient":""}},"footnotes":""},"yoast_head":"<!-- This site is optimized with the Yoast SEO plugin v22.6 - https:\/\/yoast.com\/wordpress\/plugins\/seo\/ -->\n<title>Vuokrattavana - Pirttikosken kyl&auml;<\/title>\n<meta name=\"robots\" content=\"index, follow, max-snippet:-1, max-image-preview:large, max-video-preview:-1\" \/>\n<link rel=\"canonical\" href=\"https:\/\/www.pirttikoskenkyla.fi\/en\/vuokrattavana\/\" \/>\n<meta property=\"og:locale\" content=\"en_GB\" \/>\n<meta property=\"og:type\" content=\"article\" \/>\n<meta property=\"og:title\" content=\"Vuokrattavana - Pirttikosken kyl&auml;\" \/>\n<meta property=\"og:description\" content=\"Pop-up -teltta Koko 4 x 4 m, valkoinen, nopea ja helppo pystytt\u00e4\u00e4 Teltan paino n. 40 kg, osat kolmessa kantokassissa Sivusein\u00e4t (ikkunasein\u00e4, umpisein\u00e4t ja suljettava ovi) Metallipainot 4 x 15 kg Hinnat Kyl\u00e4l\u00e4isille maksuton Yksityisille ja yhdistyksille: 30 \u20ac\/vrk, 50 \u20ac\/3 vrk (esim. pe &#8211; su) Yrityksille: 100 \u20ac\/ vrk + 30 \u20ac seuraavat vuorokaudet [&hellip;]\" \/>\n<meta property=\"og:url\" content=\"https:\/\/www.pirttikoskenkyla.fi\/en\/vuokrattavana\/\" \/>\n<meta property=\"og:site_name\" content=\"Pirttikosken kyl&auml;\" \/>\n<meta property=\"article:publisher\" content=\"https:\/\/www.facebook.com\/pirttikoskenkylayhdistys\/\" \/>\n<meta property=\"article:modified_time\" content=\"2025-02-06T17:34:22+00:00\" \/>\n<meta property=\"og:image\" content=\"https:\/\/www.pirttikoskenkyla.fi\/wp-content\/uploads\/popupteltta.jpg\" \/>\n<meta name=\"twitter:card\" content=\"summary_large_image\" \/>\n<script type=\"application\/ld+json\" class=\"yoast-schema-graph\">{\"@context\":\"https:\/\/schema.org\",\"@graph\":[{\"@type\":\"WebPage\",\"@id\":\"https:\/\/www.pirttikoskenkyla.fi\/vuokrattavana\/\",\"url\":\"https:\/\/www.pirttikoskenkyla.fi\/vuokrattavana\/\",\"name\":\"Vuokrattavana - Pirttikosken kyl&auml;\",\"isPartOf\":{\"@id\":\"https:\/\/www.pirttikoskenkyla.fi\/#website\"},\"primaryImageOfPage\":{\"@id\":\"https:\/\/www.pirttikoskenkyla.fi\/vuokrattavana\/#primaryimage\"},\"image\":{\"@id\":\"https:\/\/www.pirttikoskenkyla.fi\/vuokrattavana\/#primaryimage\"},\"thumbnailUrl\":\"https:\/\/www.pirttikoskenkyla.fi\/wp-content\/uploads\/popupteltta.jpg\",\"datePublished\":\"2022-09-30T17:21:57+00:00\",\"dateModified\":\"2025-02-06T17:34:22+00:00\",\"breadcrumb\":{\"@id\":\"https:\/\/www.pirttikoskenkyla.fi\/vuokrattavana\/#breadcrumb\"},\"inLanguage\":\"en-GB\",\"potentialAction\":[{\"@type\":\"ReadAction\",\"target\":[\"https:\/\/www.pirttikoskenkyla.fi\/vuokrattavana\/\"]}]},{\"@type\":\"ImageObject\",\"inLanguage\":\"en-GB\",\"@id\":\"https:\/\/www.pirttikoskenkyla.fi\/vuokrattavana\/#primaryimage\",\"url\":\"https:\/\/www.pirttikoskenkyla.fi\/wp-content\/uploads\/popupteltta.jpg\",\"contentUrl\":\"https:\/\/www.pirttikoskenkyla.fi\/wp-content\/uploads\/popupteltta.jpg\"},{\"@type\":\"BreadcrumbList\",\"@id\":\"https:\/\/www.pirttikoskenkyla.fi\/vuokrattavana\/#breadcrumb\",\"itemListElement\":[{\"@type\":\"ListItem\",\"position\":1,\"name\":\"Etusivu\",\"item\":\"https:\/\/www.pirttikoskenkyla.fi\/\"},{\"@type\":\"ListItem\",\"position\":2,\"name\":\"Vuokrattavana\"}]},{\"@type\":\"WebSite\",\"@id\":\"https:\/\/www.pirttikoskenkyla.fi\/#website\",\"url\":\"https:\/\/www.pirttikoskenkyla.fi\/\",\"name\":\"Pirttikosken kyl&auml;\",\"description\":\"\",\"potentialAction\":[{\"@type\":\"SearchAction\",\"target\":{\"@type\":\"EntryPoint\",\"urlTemplate\":\"https:\/\/www.pirttikoskenkyla.fi\/?s={search_term_string}\"},\"query-input\":\"required name=search_term_string\"}],\"inLanguage\":\"en-GB\"}]}<\/script>\n<!-- \/ Yoast SEO plugin. -->","yoast_head_json":{"title":"Vuokrattavana - Pirttikosken kyl&auml;","robots":{"index":"index","follow":"follow","max-snippet":"max-snippet:-1","max-image-preview":"max-image-preview:large","max-video-preview":"max-video-preview:-1"},"canonical":"https:\/\/www.pirttikoskenkyla.fi\/en\/vuokrattavana\/","og_locale":"en_GB","og_type":"article","og_title":"Vuokrattavana - Pirttikosken kyl&auml;","og_description":"Pop-up -teltta Koko 4 x 4 m, valkoinen, nopea ja helppo pystytt\u00e4\u00e4 Teltan paino n. 40 kg, osat kolmessa kantokassissa Sivusein\u00e4t (ikkunasein\u00e4, umpisein\u00e4t ja suljettava ovi) Metallipainot 4 x 15 kg Hinnat Kyl\u00e4l\u00e4isille maksuton Yksityisille ja yhdistyksille: 30 \u20ac\/vrk, 50 \u20ac\/3 vrk (esim. pe &#8211; su) Yrityksille: 100 \u20ac\/ vrk + 30 \u20ac seuraavat vuorokaudet [&hellip;]","og_url":"https:\/\/www.pirttikoskenkyla.fi\/en\/vuokrattavana\/","og_site_name":"Pirttikosken kyl&auml;","article_publisher":"https:\/\/www.facebook.com\/pirttikoskenkylayhdistys\/","article_modified_time":"2025-02-06T17:34:22+00:00","og_image":[{"url":"https:\/\/www.pirttikoskenkyla.fi\/wp-content\/uploads\/popupteltta.jpg"}],"twitter_card":"summary_large_image","schema":{"@context":"https:\/\/schema.org","@graph":[{"@type":"WebPage","@id":"https:\/\/www.pirttikoskenkyla.fi\/vuokrattavana\/","url":"https:\/\/www.pirttikoskenkyla.fi\/vuokrattavana\/","name":"Vuokrattavana - Pirttikosken kyl&auml;","isPartOf":{"@id":"https:\/\/www.pirttikoskenkyla.fi\/#website"},"primaryImageOfPage":{"@id":"https:\/\/www.pirttikoskenkyla.fi\/vuokrattavana\/#primaryimage"},"image":{"@id":"https:\/\/www.pirttikoskenkyla.fi\/vuokrattavana\/#primaryimage"},"thumbnailUrl":"https:\/\/www.pirttikoskenkyla.fi\/wp-content\/uploads\/popupteltta.jpg","datePublished":"2022-09-30T17:21:57+00:00","dateModified":"2025-02-06T17:34:22+00:00","breadcrumb":{"@id":"https:\/\/www.pirttikoskenkyla.fi\/vuokrattavana\/#breadcrumb"},"inLanguage":"en-GB","potentialAction":[{"@type":"ReadAction","target":["https:\/\/www.pirttikoskenkyla.fi\/vuokrattavana\/"]}]},{"@type":"ImageObject","inLanguage":"en-GB","@id":"https:\/\/www.pirttikoskenkyla.fi\/vuokrattavana\/#primaryimage","url":"https:\/\/www.pirttikoskenkyla.fi\/wp-content\/uploads\/popupteltta.jpg","contentUrl":"https:\/\/www.pirttikoskenkyla.fi\/wp-content\/uploads\/popupteltta.jpg"},{"@type":"BreadcrumbList","@id":"https:\/\/www.pirttikoskenkyla.fi\/vuokrattavana\/#breadcrumb","itemListElement":[{"@type":"ListItem","position":1,"name":"Etusivu","item":"https:\/\/www.pirttikoskenkyla.fi\/"},{"@type":"ListItem","position":2,"name":"Vuokrattavana"}]},{"@type":"WebSite","@id":"https:\/\/www.pirttikoskenkyla.fi\/#website","url":"https:\/\/www.pirttikoskenkyla.fi\/","name":"Pirttikoski Village","description":"","potentialAction":[{"@type":"SearchAction","target":{"@type":"EntryPoint","urlTemplate":"https:\/\/www.pirttikoskenkyla.fi\/?s={search_term_string}"},"query-input":"required name=search_term_string"}],"inLanguage":"en-GB"}]}},"_links":{"self":[{"href":"https:\/\/www.pirttikoskenkyla.fi\/en\/wp-json\/wp\/v2\/pages\/285"}],"collection":[{"href":"https:\/\/www.pirttikoskenkyla.fi\/en\/wp-json\/wp\/v2\/pages"}],"about":[{"href":"https:\/\/www.pirttikoskenkyla.fi\/en\/wp-json\/wp\/v2\/types\/page"}],"author":[{"embeddable":true,"href":"https:\/\/www.pirttikoskenkyla.fi\/en\/wp-json\/wp\/v2\/users\/1"}],"replies":[{"embeddable":true,"href":"https:\/\/www.pirttikoskenkyla.fi\/en\/wp-json\/wp\/v2\/comments?post=285"}],"version-history":[{"count":19,"href":"https:\/\/www.pirttikoskenkyla.fi\/en\/wp-json\/wp\/v2\/pages\/285\/revisions"}],"predecessor-version":[{"id":1247,"href":"https:\/\/www.pirttikoskenkyla.fi\/en\/wp-json\/wp\/v2\/pages\/285\/revisions\/1247"}],"wp:attachment":[{"href":"https:\/\/www.pirttikoskenkyla.fi\/en\/wp-json\/wp\/v2\/media?parent=285"}],"curies":[{"name":"wp","href":"https:\/\/api.w.org\/{rel}","templated":true}]}}