{"id":413,"date":"2022-12-02T09:25:53","date_gmt":"2022-12-02T09:25:53","guid":{"rendered":"https:\/\/www.pirttikoskenkyla.fi\/?page_id=413"},"modified":"2025-01-11T09:57:07","modified_gmt":"2025-01-11T09:57:07","slug":"kuntosali","status":"publish","type":"page","link":"https:\/\/www.pirttikoskenkyla.fi\/en\/kylatalo\/kuntosali\/","title":{"rendered":"Gym"},"content":{"rendered":"<div data-elementor-type=\"wp-page\" data-elementor-id=\"413\" class=\"elementor elementor-413\">\n\t\t\t\t\t\t<section class=\"elementor-section elementor-top-section elementor-element elementor-element-66f08bd elementor-section-boxed elementor-section-height-default elementor-section-height-default\" data-id=\"66f08bd\" data-element_type=\"section\">\n\t\t\t\t\t\t<div class=\"elementor-container elementor-column-gap-wider\">\n\t\t\t\t\t<div class=\"elementor-column elementor-col-66 elementor-top-column elementor-element elementor-element-3aa7148\" data-id=\"3aa7148\" data-element_type=\"column\">\n\t\t\t<div class=\"elementor-widget-wrap elementor-element-populated\">\n\t\t\t\t\t\t<div class=\"elementor-element elementor-element-521b096 elementor-widget elementor-widget-text-editor\" data-id=\"521b096\" data-element_type=\"widget\" data-widget_type=\"text-editor.default\">\n\t\t\t\t<div class=\"elementor-widget-container\">\n\t\t\t\t\t\t\t\t\t<h2>Kuntosalin k\u00e4ytt\u00e4j\u00e4t<\/h2>\n<p>Kuntosali sijaitsee Kyl\u00e4talon kellaritiloissa ja kulku sinne on Kyl\u00e4talon takaa, alakerran K\u00f6kk\u00e4tuvan ovesta. K\u00f6kk\u00e4tuvan puolella on l\u00e4mmittelyv\u00e4lineet (soutulaite, crosstrainer sek\u00e4 kuntopy\u00f6r\u00e4) ja kuntosalin puolella voimailulaitteet.&nbsp;<\/p>\n<p>Uudistettuihin tiloihin menn\u00e4\u00e4n vain sis\u00e4kengill\u00e4. Ulkovaatteet ja -jalkineet tulee j\u00e4tt\u00e4\u00e4 K\u00f6kk\u00e4tuvan puolelle. N\u00e4in saadaan tilat pysym\u00e4\u00e4n puhtaina, sill\u00e4 jokainen k\u00e4ytt\u00e4j\u00e4 huolehtii itse tilojen siisteydest\u00e4. Kyl\u00e4talon siivous hoidetaan talkoilla, joten kuntosalissakaan ei k\u00e4y siivoojaa. K\u00f6kk\u00e4tuvan puolelta l\u00f6yd\u00e4t tarvittaessa siivousv\u00e4lineit\u00e4. Kuntosalin roskiksen t\u00e4yttyess\u00e4 roskapussin voi vied\u00e4 kyl\u00e4yhdistyksen j\u00e4teastiaan, joka sijaitsee py\u00f6r\u00e4katoksen vieress\u00e4.<span style=\"font-style: inherit; font-weight: inherit; background-color: var(--ast-global-color-5); color: var(--ast-global-color-8);\">&nbsp;<\/span><\/p>\n<p>Kuntosalin k\u00e4ytt\u00f6 on jokaisen omalla vastuulla. Alaik\u00e4iset ovat vanhempien vastuulla. Jokainen k\u00e4ytt\u00e4j\u00e4 huolehtii siit\u00e4, ett\u00e4 laitteet ovat kunnossa, tilat puhtaita ja siell\u00e4 on kaikkien mukava k\u00e4yd\u00e4.&nbsp;<\/p>\n<p><b>Tarvittaessa ota yhteys: <\/b><br>kylatalo@pirttikoskenkyla.fi \/ 050 553 7620, P\u00e4ivi<\/p>\n<p><\/p>\t\t\t\t\t\t\t\t<\/div>\n\t\t\t\t<\/div>\n\t\t\t\t\t<\/div>\n\t\t<\/div>\n\t\t\t\t<div class=\"elementor-column elementor-col-33 elementor-top-column elementor-element elementor-element-418d060\" data-id=\"418d060\" data-element_type=\"column\">\n\t\t\t<div class=\"elementor-widget-wrap elementor-element-populated\">\n\t\t\t\t\t\t<div class=\"elementor-element elementor-element-8659815 elementor-widget elementor-widget-text-editor\" data-id=\"8659815\" data-element_type=\"widget\" data-widget_type=\"text-editor.default\">\n\t\t\t\t<div class=\"elementor-widget-container\">\n\t\t\t\t\t\t\t\t\t<h2>Kuntosalin hinnasto<\/h2><p>K\u00f6kk\u00e4tuvan avain on avainboxissa, jonka koodin saat maksettuasi kuntosalimaksun:<\/p><p>1 kk\u00a0 \u00a0 \u00a0 \u00a0 5 \u20ac \/ hl\u00f6<br \/>6 kk\u00a0 \u00a0 \u00a030 \u20ac \/ hl\u00f6<br \/>12 kk\u00a0 \u00a0 60 \u20ac \/ hl\u00f6<\/p><p><b>Tilille:\u00a0 \u00a0FI07 5381 1740 0086 57<\/b><br \/><b>Viite:\u00a0 \u00a0 861 8025<\/b><\/p><p>Maksusuorituksen j\u00e4lkeen l\u00e4het\u00e4 alla olevat tiedot kylatalo@pirttikoskenkyla.fi tai 050 553 7620 \/ P\u00e4ivi<\/p><ol><li>maksajan nimi<\/li><li><span style=\"font-style: inherit; font-weight: inherit; background-color: var(--ast-global-color-5); color: var(--ast-global-color-8);\">k\u00e4ytt\u00e4j\u00e4n nimi, jos ei sama kuin maksaja<\/span><\/li><li>puhelinnumero<\/li><li>s\u00e4hk\u00f6posti<\/li><li>maksettu summa<\/li><li>kuntosalin k\u00e4ytt\u00f6aika<\/li><li>maksusta kuvakaappaus (nopeuttaa k\u00e4sittely\u00e4)<\/li><\/ol><p>1.1.2025 l\u00e4htien kuntosalin k\u00e4ytt\u00f6 on 15 &#8211; 18 vuotiaille sek\u00e4 el\u00e4kel\u00e4isille maksuton.\u00a0<\/p><p>Saat avainboxin koodin l\u00e4hett\u00e4m\u00e4\u00e4si s\u00e4hk\u00f6postiin\/puhelinnumeroon<\/p>\t\t\t\t\t\t\t\t<\/div>\n\t\t\t\t<\/div>\n\t\t\t\t\t<\/div>\n\t\t<\/div>\n\t\t\t\t\t<\/div>\n\t\t<\/section>\n\t\t\t\t<\/div>","protected":false},"excerpt":{"rendered":"<p>Kuntosalin k\u00e4ytt\u00e4j\u00e4t Kuntosali sijaitsee Kyl\u00e4talon kellaritiloissa ja kulku sinne on Kyl\u00e4talon takaa, alakerran K\u00f6kk\u00e4tuvan ovesta. K\u00f6kk\u00e4tuvan puolella on l\u00e4mmittelyv\u00e4lineet (soutulaite, crosstrainer sek\u00e4 kuntopy\u00f6r\u00e4) ja kuntosalin puolella voimailulaitteet.&nbsp; Uudistettuihin tiloihin menn\u00e4\u00e4n vain sis\u00e4kengill\u00e4. Ulkovaatteet ja -jalkineet tulee j\u00e4tt\u00e4\u00e4 K\u00f6kk\u00e4tuvan puolelle. N\u00e4in saadaan tilat pysym\u00e4\u00e4n puhtaina, sill\u00e4 jokainen k\u00e4ytt\u00e4j\u00e4 huolehtii itse tilojen siisteydest\u00e4. Kyl\u00e4talon siivous hoidetaan talkoilla, [&hellip;]<\/p>\n","protected":false},"author":2,"featured_media":414,"parent":18,"menu_order":0,"comment_status":"closed","ping_status":"closed","template":"","meta":{"site-sidebar-layout":"no-sidebar","site-content-layout":"page-builder","ast-site-content-layout":"default","site-content-style":"default","site-sidebar-style":"default","ast-global-header-display":"","ast-banner-title-visibility":"","ast-main-header-display":"","ast-hfb-above-header-display":"","ast-hfb-below-header-display":"","ast-hfb-mobile-header-display":"","site-post-title":"disabled","ast-breadcrumbs-content":"","ast-featured-img":"disabled","footer-sml-layout":"","ast-disable-related-posts":"","theme-transparent-header-meta":"default","adv-header-id-meta":"","stick-header-meta":"","header-above-stick-meta":"","header-main-stick-meta":"","header-below-stick-meta":"","astra-migrate-meta-layouts":"default","ast-page-background-enabled":"default","ast-page-background-meta":{"desktop":{"background-color":"var(--ast-global-color-4)","background-image":"","background-repeat":"repeat","background-position":"center center","background-size":"auto","background-attachment":"scroll","background-type":"","background-media":"","overlay-type":"","overlay-color":"","overlay-opacity":"","overlay-gradient":""},"tablet":{"background-color":"","background-image":"","background-repeat":"repeat","background-position":"center center","background-size":"auto","background-attachment":"scroll","background-type":"","background-media":"","overlay-type":"","overlay-color":"","overlay-opacity":"","overlay-gradient":""},"mobile":{"background-color":"","background-image":"","background-repeat":"repeat","background-position":"center center","background-size":"auto","background-attachment":"scroll","background-type":"","background-media":"","overlay-type":"","overlay-color":"","overlay-opacity":"","overlay-gradient":""}},"ast-content-background-meta":{"desktop":{"background-color":"var(--ast-global-color-5)","background-image":"","background-repeat":"repeat","background-position":"center center","background-size":"auto","background-attachment":"scroll","background-type":"","background-media":"","overlay-type":"","overlay-color":"","overlay-opacity":"","overlay-gradient":""},"tablet":{"background-color":"var(--ast-global-color-5)","background-image":"","background-repeat":"repeat","background-position":"center center","background-size":"auto","background-attachment":"scroll","background-type":"","background-media":"","overlay-type":"","overlay-color":"","overlay-opacity":"","overlay-gradient":""},"mobile":{"background-color":"var(--ast-global-color-5)","background-image":"","background-repeat":"repeat","background-position":"center center","background-size":"auto","background-attachment":"scroll","background-type":"","background-media":"","overlay-type":"","overlay-color":"","overlay-opacity":"","overlay-gradient":""}},"footnotes":""},"yoast_head":"<!-- This site is optimized with the Yoast SEO plugin v22.6 - https:\/\/yoast.com\/wordpress\/plugins\/seo\/ -->\n<title>Kuntosali - Pirttikosken kyl&auml;<\/title>\n<meta name=\"robots\" content=\"index, follow, max-snippet:-1, max-image-preview:large, max-video-preview:-1\" \/>\n<link rel=\"canonical\" href=\"https:\/\/www.pirttikoskenkyla.fi\/en\/kylatalo\/kuntosali\/\" \/>\n<meta property=\"og:locale\" content=\"en_GB\" \/>\n<meta property=\"og:type\" content=\"article\" \/>\n<meta property=\"og:title\" content=\"Kuntosali - Pirttikosken kyl&auml;\" \/>\n<meta property=\"og:description\" content=\"Kuntosalin k\u00e4ytt\u00e4j\u00e4t Kuntosali sijaitsee Kyl\u00e4talon kellaritiloissa ja kulku sinne on Kyl\u00e4talon takaa, alakerran K\u00f6kk\u00e4tuvan ovesta. K\u00f6kk\u00e4tuvan puolella on l\u00e4mmittelyv\u00e4lineet (soutulaite, crosstrainer sek\u00e4 kuntopy\u00f6r\u00e4) ja kuntosalin puolella voimailulaitteet.&nbsp; Uudistettuihin tiloihin menn\u00e4\u00e4n vain sis\u00e4kengill\u00e4. Ulkovaatteet ja -jalkineet tulee j\u00e4tt\u00e4\u00e4 K\u00f6kk\u00e4tuvan puolelle. N\u00e4in saadaan tilat pysym\u00e4\u00e4n puhtaina, sill\u00e4 jokainen k\u00e4ytt\u00e4j\u00e4 huolehtii itse tilojen siisteydest\u00e4. Kyl\u00e4talon siivous hoidetaan talkoilla, [&hellip;]\" \/>\n<meta property=\"og:url\" content=\"https:\/\/www.pirttikoskenkyla.fi\/en\/kylatalo\/kuntosali\/\" \/>\n<meta property=\"og:site_name\" content=\"Pirttikosken kyl&auml;\" \/>\n<meta property=\"article:publisher\" content=\"https:\/\/www.facebook.com\/pirttikoskenkylayhdistys\/\" \/>\n<meta property=\"article:modified_time\" content=\"2025-01-11T09:57:07+00:00\" \/>\n<meta property=\"og:image\" content=\"https:\/\/www.pirttikoskenkyla.fi\/wp-content\/uploads\/IMG_20221021_123343-scaled.jpg\" \/>\n\t<meta property=\"og:image:width\" content=\"2560\" \/>\n\t<meta property=\"og:image:height\" content=\"1155\" \/>\n\t<meta property=\"og:image:type\" content=\"image\/jpeg\" \/>\n<meta name=\"twitter:card\" content=\"summary_large_image\" \/>\n<script type=\"application\/ld+json\" class=\"yoast-schema-graph\">{\"@context\":\"https:\/\/schema.org\",\"@graph\":[{\"@type\":\"WebPage\",\"@id\":\"https:\/\/www.pirttikoskenkyla.fi\/kylatalo\/kuntosali\/\",\"url\":\"https:\/\/www.pirttikoskenkyla.fi\/kylatalo\/kuntosali\/\",\"name\":\"Kuntosali - Pirttikosken kyl&auml;\",\"isPartOf\":{\"@id\":\"https:\/\/www.pirttikoskenkyla.fi\/#website\"},\"primaryImageOfPage\":{\"@id\":\"https:\/\/www.pirttikoskenkyla.fi\/kylatalo\/kuntosali\/#primaryimage\"},\"image\":{\"@id\":\"https:\/\/www.pirttikoskenkyla.fi\/kylatalo\/kuntosali\/#primaryimage\"},\"thumbnailUrl\":\"https:\/\/www.pirttikoskenkyla.fi\/wp-content\/uploads\/IMG_20221021_123343-scaled.jpg\",\"datePublished\":\"2022-12-02T09:25:53+00:00\",\"dateModified\":\"2025-01-11T09:57:07+00:00\",\"breadcrumb\":{\"@id\":\"https:\/\/www.pirttikoskenkyla.fi\/kylatalo\/kuntosali\/#breadcrumb\"},\"inLanguage\":\"en-GB\",\"potentialAction\":[{\"@type\":\"ReadAction\",\"target\":[\"https:\/\/www.pirttikoskenkyla.fi\/kylatalo\/kuntosali\/\"]}]},{\"@type\":\"ImageObject\",\"inLanguage\":\"en-GB\",\"@id\":\"https:\/\/www.pirttikoskenkyla.fi\/kylatalo\/kuntosali\/#primaryimage\",\"url\":\"https:\/\/www.pirttikoskenkyla.fi\/wp-content\/uploads\/IMG_20221021_123343-scaled.jpg\",\"contentUrl\":\"https:\/\/www.pirttikoskenkyla.fi\/wp-content\/uploads\/IMG_20221021_123343-scaled.jpg\",\"width\":2560,\"height\":1155,\"caption\":\"Kuntosali\"},{\"@type\":\"BreadcrumbList\",\"@id\":\"https:\/\/www.pirttikoskenkyla.fi\/kylatalo\/kuntosali\/#breadcrumb\",\"itemListElement\":[{\"@type\":\"ListItem\",\"position\":1,\"name\":\"Etusivu\",\"item\":\"https:\/\/www.pirttikoskenkyla.fi\/\"},{\"@type\":\"ListItem\",\"position\":2,\"name\":\"Kyl\u00e4talo\",\"item\":\"https:\/\/www.pirttikoskenkyla.fi\/kylatalo\/\"},{\"@type\":\"ListItem\",\"position\":3,\"name\":\"Kuntosali\"}]},{\"@type\":\"WebSite\",\"@id\":\"https:\/\/www.pirttikoskenkyla.fi\/#website\",\"url\":\"https:\/\/www.pirttikoskenkyla.fi\/\",\"name\":\"Pirttikosken kyl&auml;\",\"description\":\"\",\"potentialAction\":[{\"@type\":\"SearchAction\",\"target\":{\"@type\":\"EntryPoint\",\"urlTemplate\":\"https:\/\/www.pirttikoskenkyla.fi\/?s={search_term_string}\"},\"query-input\":\"required name=search_term_string\"}],\"inLanguage\":\"en-GB\"}]}<\/script>\n<!-- \/ Yoast SEO plugin. -->","yoast_head_json":{"title":"Kuntosali - Pirttikosken kyl&auml;","robots":{"index":"index","follow":"follow","max-snippet":"max-snippet:-1","max-image-preview":"max-image-preview:large","max-video-preview":"max-video-preview:-1"},"canonical":"https:\/\/www.pirttikoskenkyla.fi\/en\/kylatalo\/kuntosali\/","og_locale":"en_GB","og_type":"article","og_title":"Kuntosali - Pirttikosken kyl&auml;","og_description":"Kuntosalin k\u00e4ytt\u00e4j\u00e4t Kuntosali sijaitsee Kyl\u00e4talon kellaritiloissa ja kulku sinne on Kyl\u00e4talon takaa, alakerran K\u00f6kk\u00e4tuvan ovesta. K\u00f6kk\u00e4tuvan puolella on l\u00e4mmittelyv\u00e4lineet (soutulaite, crosstrainer sek\u00e4 kuntopy\u00f6r\u00e4) ja kuntosalin puolella voimailulaitteet.&nbsp; Uudistettuihin tiloihin menn\u00e4\u00e4n vain sis\u00e4kengill\u00e4. Ulkovaatteet ja -jalkineet tulee j\u00e4tt\u00e4\u00e4 K\u00f6kk\u00e4tuvan puolelle. N\u00e4in saadaan tilat pysym\u00e4\u00e4n puhtaina, sill\u00e4 jokainen k\u00e4ytt\u00e4j\u00e4 huolehtii itse tilojen siisteydest\u00e4. Kyl\u00e4talon siivous hoidetaan talkoilla, [&hellip;]","og_url":"https:\/\/www.pirttikoskenkyla.fi\/en\/kylatalo\/kuntosali\/","og_site_name":"Pirttikosken kyl&auml;","article_publisher":"https:\/\/www.facebook.com\/pirttikoskenkylayhdistys\/","article_modified_time":"2025-01-11T09:57:07+00:00","og_image":[{"width":2560,"height":1155,"url":"https:\/\/www.pirttikoskenkyla.fi\/wp-content\/uploads\/IMG_20221021_123343-scaled.jpg","type":"image\/jpeg"}],"twitter_card":"summary_large_image","schema":{"@context":"https:\/\/schema.org","@graph":[{"@type":"WebPage","@id":"https:\/\/www.pirttikoskenkyla.fi\/kylatalo\/kuntosali\/","url":"https:\/\/www.pirttikoskenkyla.fi\/kylatalo\/kuntosali\/","name":"Kuntosali - Pirttikosken kyl&auml;","isPartOf":{"@id":"https:\/\/www.pirttikoskenkyla.fi\/#website"},"primaryImageOfPage":{"@id":"https:\/\/www.pirttikoskenkyla.fi\/kylatalo\/kuntosali\/#primaryimage"},"image":{"@id":"https:\/\/www.pirttikoskenkyla.fi\/kylatalo\/kuntosali\/#primaryimage"},"thumbnailUrl":"https:\/\/www.pirttikoskenkyla.fi\/wp-content\/uploads\/IMG_20221021_123343-scaled.jpg","datePublished":"2022-12-02T09:25:53+00:00","dateModified":"2025-01-11T09:57:07+00:00","breadcrumb":{"@id":"https:\/\/www.pirttikoskenkyla.fi\/kylatalo\/kuntosali\/#breadcrumb"},"inLanguage":"en-GB","potentialAction":[{"@type":"ReadAction","target":["https:\/\/www.pirttikoskenkyla.fi\/kylatalo\/kuntosali\/"]}]},{"@type":"ImageObject","inLanguage":"en-GB","@id":"https:\/\/www.pirttikoskenkyla.fi\/kylatalo\/kuntosali\/#primaryimage","url":"https:\/\/www.pirttikoskenkyla.fi\/wp-content\/uploads\/IMG_20221021_123343-scaled.jpg","contentUrl":"https:\/\/www.pirttikoskenkyla.fi\/wp-content\/uploads\/IMG_20221021_123343-scaled.jpg","width":2560,"height":1155,"caption":"Kuntosali"},{"@type":"BreadcrumbList","@id":"https:\/\/www.pirttikoskenkyla.fi\/kylatalo\/kuntosali\/#breadcrumb","itemListElement":[{"@type":"ListItem","position":1,"name":"Etusivu","item":"https:\/\/www.pirttikoskenkyla.fi\/"},{"@type":"ListItem","position":2,"name":"Kyl\u00e4talo","item":"https:\/\/www.pirttikoskenkyla.fi\/kylatalo\/"},{"@type":"ListItem","position":3,"name":"Kuntosali"}]},{"@type":"WebSite","@id":"https:\/\/www.pirttikoskenkyla.fi\/#website","url":"https:\/\/www.pirttikoskenkyla.fi\/","name":"Pirttikoski Village","description":"","potentialAction":[{"@type":"SearchAction","target":{"@type":"EntryPoint","urlTemplate":"https:\/\/www.pirttikoskenkyla.fi\/?s={search_term_string}"},"query-input":"required name=search_term_string"}],"inLanguage":"en-GB"}]}},"_links":{"self":[{"href":"https:\/\/www.pirttikoskenkyla.fi\/en\/wp-json\/wp\/v2\/pages\/413"}],"collection":[{"href":"https:\/\/www.pirttikoskenkyla.fi\/en\/wp-json\/wp\/v2\/pages"}],"about":[{"href":"https:\/\/www.pirttikoskenkyla.fi\/en\/wp-json\/wp\/v2\/types\/page"}],"author":[{"embeddable":true,"href":"https:\/\/www.pirttikoskenkyla.fi\/en\/wp-json\/wp\/v2\/users\/2"}],"replies":[{"embeddable":true,"href":"https:\/\/www.pirttikoskenkyla.fi\/en\/wp-json\/wp\/v2\/comments?post=413"}],"version-history":[{"count":41,"href":"https:\/\/www.pirttikoskenkyla.fi\/en\/wp-json\/wp\/v2\/pages\/413\/revisions"}],"predecessor-version":[{"id":1211,"href":"https:\/\/www.pirttikoskenkyla.fi\/en\/wp-json\/wp\/v2\/pages\/413\/revisions\/1211"}],"up":[{"embeddable":true,"href":"https:\/\/www.pirttikoskenkyla.fi\/en\/wp-json\/wp\/v2\/pages\/18"}],"wp:featuredmedia":[{"embeddable":true,"href":"https:\/\/www.pirttikoskenkyla.fi\/en\/wp-json\/wp\/v2\/media\/414"}],"wp:attachment":[{"href":"https:\/\/www.pirttikoskenkyla.fi\/en\/wp-json\/wp\/v2\/media?parent=413"}],"curies":[{"name":"wp","href":"https:\/\/api.w.org\/{rel}","templated":true}]}}