{"id":553,"date":"2022-12-06T18:05:14","date_gmt":"2022-12-06T18:05:14","guid":{"rendered":"https:\/\/www.pirttikoskenkyla.fi\/?page_id=553"},"modified":"2024-01-21T14:31:58","modified_gmt":"2024-01-21T14:31:58","slug":"kylatalon-varauskalenteri","status":"publish","type":"page","link":"https:\/\/www.pirttikoskenkyla.fi\/en\/kylatalon-varauskalenteri\/","title":{"rendered":"Village House Reservation Calendar"},"content":{"rendered":"<div data-elementor-type=\"wp-page\" data-elementor-id=\"553\" class=\"elementor elementor-553\">\n\t\t\t\t\t\t<section class=\"elementor-section elementor-top-section elementor-element elementor-element-f6d2e09 elementor-section-height-min-height elementor-section-boxed elementor-section-height-default elementor-section-items-middle\" data-id=\"f6d2e09\" data-element_type=\"section\">\n\t\t\t\t\t\t<div class=\"elementor-container elementor-column-gap-default\">\n\t\t\t\t\t<div class=\"elementor-column elementor-col-100 elementor-top-column elementor-element elementor-element-fb0e35d\" data-id=\"fb0e35d\" data-element_type=\"column\">\n\t\t\t<div class=\"elementor-widget-wrap elementor-element-populated\">\n\t\t\t\t\t\t<div class=\"elementor-element elementor-element-f58bd71 elementor-widget elementor-widget-text-editor\" data-id=\"f58bd71\" data-element_type=\"widget\" data-widget_type=\"text-editor.default\">\n\t\t\t\t<div class=\"elementor-widget-container\">\n\t\t\t\t\t\t\t\t\t<p>T\u00e4\u00e4ll\u00e4 p\u00e4\u00e4set tutustumaan Kyl\u00e4talon tilojen varaustilanteeseen. Kun haluat varata tilan, ota yhteytt\u00e4: paivi.sarpola@gmail.com\/050 553 7620 tai kylatalo@pirttikoskenkyla.fi\/040 831 7829<\/p>\t\t\t\t\t\t\t\t<\/div>\n\t\t\t\t<\/div>\n\t\t\t\t\t<\/div>\n\t\t<\/div>\n\t\t\t\t\t<\/div>\n\t\t<\/section>\n\t\t\t\t<section class=\"elementor-section elementor-top-section elementor-element elementor-element-601b251 elementor-section-boxed elementor-section-height-default elementor-section-height-default\" data-id=\"601b251\" data-element_type=\"section\">\n\t\t\t\t\t\t<div class=\"elementor-container elementor-column-gap-default\">\n\t\t\t\t\t<div class=\"elementor-column elementor-col-100 elementor-top-column elementor-element elementor-element-dbd3188\" data-id=\"dbd3188\" data-element_type=\"column\">\n\t\t\t<div class=\"elementor-widget-wrap elementor-element-populated\">\n\t\t\t\t\t\t<div class=\"elementor-element elementor-element-281c1b6 elementor-widget elementor-widget-html\" data-id=\"281c1b6\" data-element_type=\"widget\" data-widget_type=\"html.default\">\n\t\t\t\t<div class=\"elementor-widget-container\">\n\t\t\t\t\t<iframe src=\"https:\/\/calendar.google.com\/calendar\/embed?src=946bdf04807a18b1ef1290ef4ffe16ff46790c8d85f7e88b888de3ced2a165f6%40group.calendar.google.com&ctz=Europe%2FHelsinki\" style=\"border: 0\" width=\"800\" height=\"600\" frameborder=\"0\" scrolling=\"no\"><\/iframe>\t\t\t\t<\/div>\n\t\t\t\t<\/div>\n\t\t\t\t\t<\/div>\n\t\t<\/div>\n\t\t\t\t\t<\/div>\n\t\t<\/section>\n\t\t\t\t<\/div>","protected":false},"excerpt":{"rendered":"<p>T\u00e4\u00e4ll\u00e4 p\u00e4\u00e4set tutustumaan Kyl\u00e4talon tilojen varaustilanteeseen. Kun haluat varata tilan, ota yhteytt\u00e4: paivi.sarpola@gmail.com\/050 553 7620 tai kylatalo@pirttikoskenkyla.fi\/040 831 7829<\/p>","protected":false},"author":2,"featured_media":561,"parent":0,"menu_order":0,"comment_status":"closed","ping_status":"closed","template":"","meta":{"site-sidebar-layout":"no-sidebar","site-content-layout":"page-builder","ast-site-content-layout":"default","site-content-style":"default","site-sidebar-style":"default","ast-global-header-display":"","ast-banner-title-visibility":"","ast-main-header-display":"","ast-hfb-above-header-display":"","ast-hfb-below-header-display":"","ast-hfb-mobile-header-display":"","site-post-title":"disabled","ast-breadcrumbs-content":"","ast-featured-img":"disabled","footer-sml-layout":"","ast-disable-related-posts":"","theme-transparent-header-meta":"default","adv-header-id-meta":"","stick-header-meta":"","header-above-stick-meta":"","header-main-stick-meta":"","header-below-stick-meta":"","astra-migrate-meta-layouts":"default","ast-page-background-enabled":"default","ast-page-background-meta":{"desktop":{"background-color":"var(--ast-global-color-4)","background-image":"","background-repeat":"repeat","background-position":"center center","background-size":"auto","background-attachment":"scroll","background-type":"","background-media":"","overlay-type":"","overlay-color":"","overlay-opacity":"","overlay-gradient":""},"tablet":{"background-color":"","background-image":"","background-repeat":"repeat","background-position":"center center","background-size":"auto","background-attachment":"scroll","background-type":"","background-media":"","overlay-type":"","overlay-color":"","overlay-opacity":"","overlay-gradient":""},"mobile":{"background-color":"","background-image":"","background-repeat":"repeat","background-position":"center center","background-size":"auto","background-attachment":"scroll","background-type":"","background-media":"","overlay-type":"","overlay-color":"","overlay-opacity":"","overlay-gradient":""}},"ast-content-background-meta":{"desktop":{"background-color":"var(--ast-global-color-5)","background-image":"","background-repeat":"repeat","background-position":"center center","background-size":"auto","background-attachment":"scroll","background-type":"","background-media":"","overlay-type":"","overlay-color":"","overlay-opacity":"","overlay-gradient":""},"tablet":{"background-color":"var(--ast-global-color-5)","background-image":"","background-repeat":"repeat","background-position":"center center","background-size":"auto","background-attachment":"scroll","background-type":"","background-media":"","overlay-type":"","overlay-color":"","overlay-opacity":"","overlay-gradient":""},"mobile":{"background-color":"var(--ast-global-color-5)","background-image":"","background-repeat":"repeat","background-position":"center center","background-size":"auto","background-attachment":"scroll","background-type":"","background-media":"","overlay-type":"","overlay-color":"","overlay-opacity":"","overlay-gradient":""}},"footnotes":""},"yoast_head":"<!-- This site is optimized with the Yoast SEO plugin v22.6 - https:\/\/yoast.com\/wordpress\/plugins\/seo\/ -->\n<title>Kyl\u00e4talon varauskalenteri - Pirttikosken kyl&auml;<\/title>\n<meta name=\"robots\" content=\"index, follow, max-snippet:-1, max-image-preview:large, max-video-preview:-1\" \/>\n<link rel=\"canonical\" href=\"https:\/\/www.pirttikoskenkyla.fi\/en\/kylatalon-varauskalenteri\/\" \/>\n<meta property=\"og:locale\" content=\"en_GB\" \/>\n<meta property=\"og:type\" content=\"article\" \/>\n<meta property=\"og:title\" content=\"Kyl\u00e4talon varauskalenteri - Pirttikosken kyl&auml;\" \/>\n<meta property=\"og:description\" content=\"T\u00e4\u00e4ll\u00e4 p\u00e4\u00e4set tutustumaan Kyl\u00e4talon tilojen varaustilanteeseen. Kun haluat varata tilan, ota yhteytt\u00e4: paivi.sarpola@gmail.com\/050 553 7620 tai kylatalo@pirttikoskenkyla.fi\/040 831 7829\" \/>\n<meta property=\"og:url\" content=\"https:\/\/www.pirttikoskenkyla.fi\/en\/kylatalon-varauskalenteri\/\" \/>\n<meta property=\"og:site_name\" content=\"Pirttikosken kyl&auml;\" \/>\n<meta property=\"article:publisher\" content=\"https:\/\/www.facebook.com\/pirttikoskenkylayhdistys\/\" \/>\n<meta property=\"article:modified_time\" content=\"2024-01-21T14:31:58+00:00\" \/>\n<meta property=\"og:image\" content=\"https:\/\/www.pirttikoskenkyla.fi\/wp-content\/uploads\/skaalattu-kuva-Ahti.jpg\" \/>\n\t<meta property=\"og:image:width\" content=\"1600\" \/>\n\t<meta property=\"og:image:height\" content=\"1067\" \/>\n\t<meta property=\"og:image:type\" content=\"image\/jpeg\" \/>\n<meta name=\"twitter:card\" content=\"summary_large_image\" \/>\n<script type=\"application\/ld+json\" class=\"yoast-schema-graph\">{\"@context\":\"https:\/\/schema.org\",\"@graph\":[{\"@type\":\"WebPage\",\"@id\":\"https:\/\/www.pirttikoskenkyla.fi\/kylatalon-varauskalenteri\/\",\"url\":\"https:\/\/www.pirttikoskenkyla.fi\/kylatalon-varauskalenteri\/\",\"name\":\"Kyl\u00e4talon varauskalenteri - Pirttikosken kyl&auml;\",\"isPartOf\":{\"@id\":\"https:\/\/www.pirttikoskenkyla.fi\/#website\"},\"primaryImageOfPage\":{\"@id\":\"https:\/\/www.pirttikoskenkyla.fi\/kylatalon-varauskalenteri\/#primaryimage\"},\"image\":{\"@id\":\"https:\/\/www.pirttikoskenkyla.fi\/kylatalon-varauskalenteri\/#primaryimage\"},\"thumbnailUrl\":\"https:\/\/www.pirttikoskenkyla.fi\/wp-content\/uploads\/skaalattu-kuva-Ahti.jpg\",\"datePublished\":\"2022-12-06T18:05:14+00:00\",\"dateModified\":\"2024-01-21T14:31:58+00:00\",\"breadcrumb\":{\"@id\":\"https:\/\/www.pirttikoskenkyla.fi\/kylatalon-varauskalenteri\/#breadcrumb\"},\"inLanguage\":\"en-GB\",\"potentialAction\":[{\"@type\":\"ReadAction\",\"target\":[\"https:\/\/www.pirttikoskenkyla.fi\/kylatalon-varauskalenteri\/\"]}]},{\"@type\":\"ImageObject\",\"inLanguage\":\"en-GB\",\"@id\":\"https:\/\/www.pirttikoskenkyla.fi\/kylatalon-varauskalenteri\/#primaryimage\",\"url\":\"https:\/\/www.pirttikoskenkyla.fi\/wp-content\/uploads\/skaalattu-kuva-Ahti.jpg\",\"contentUrl\":\"https:\/\/www.pirttikoskenkyla.fi\/wp-content\/uploads\/skaalattu-kuva-Ahti.jpg\",\"width\":1600,\"height\":1067,\"caption\":\"Tiina Tiirola\"},{\"@type\":\"BreadcrumbList\",\"@id\":\"https:\/\/www.pirttikoskenkyla.fi\/kylatalon-varauskalenteri\/#breadcrumb\",\"itemListElement\":[{\"@type\":\"ListItem\",\"position\":1,\"name\":\"Etusivu\",\"item\":\"https:\/\/www.pirttikoskenkyla.fi\/\"},{\"@type\":\"ListItem\",\"position\":2,\"name\":\"Kyl\u00e4talon varauskalenteri\"}]},{\"@type\":\"WebSite\",\"@id\":\"https:\/\/www.pirttikoskenkyla.fi\/#website\",\"url\":\"https:\/\/www.pirttikoskenkyla.fi\/\",\"name\":\"Pirttikosken kyl&auml;\",\"description\":\"\",\"potentialAction\":[{\"@type\":\"SearchAction\",\"target\":{\"@type\":\"EntryPoint\",\"urlTemplate\":\"https:\/\/www.pirttikoskenkyla.fi\/?s={search_term_string}\"},\"query-input\":\"required name=search_term_string\"}],\"inLanguage\":\"en-GB\"}]}<\/script>\n<!-- \/ Yoast SEO plugin. -->","yoast_head_json":{"title":"Kyl\u00e4talon varauskalenteri - Pirttikosken kyl&auml;","robots":{"index":"index","follow":"follow","max-snippet":"max-snippet:-1","max-image-preview":"max-image-preview:large","max-video-preview":"max-video-preview:-1"},"canonical":"https:\/\/www.pirttikoskenkyla.fi\/en\/kylatalon-varauskalenteri\/","og_locale":"en_GB","og_type":"article","og_title":"Kyl\u00e4talon varauskalenteri - Pirttikosken kyl&auml;","og_description":"T\u00e4\u00e4ll\u00e4 p\u00e4\u00e4set tutustumaan Kyl\u00e4talon tilojen varaustilanteeseen. Kun haluat varata tilan, ota yhteytt\u00e4: paivi.sarpola@gmail.com\/050 553 7620 tai kylatalo@pirttikoskenkyla.fi\/040 831 7829","og_url":"https:\/\/www.pirttikoskenkyla.fi\/en\/kylatalon-varauskalenteri\/","og_site_name":"Pirttikosken kyl&auml;","article_publisher":"https:\/\/www.facebook.com\/pirttikoskenkylayhdistys\/","article_modified_time":"2024-01-21T14:31:58+00:00","og_image":[{"width":1600,"height":1067,"url":"https:\/\/www.pirttikoskenkyla.fi\/wp-content\/uploads\/skaalattu-kuva-Ahti.jpg","type":"image\/jpeg"}],"twitter_card":"summary_large_image","schema":{"@context":"https:\/\/schema.org","@graph":[{"@type":"WebPage","@id":"https:\/\/www.pirttikoskenkyla.fi\/kylatalon-varauskalenteri\/","url":"https:\/\/www.pirttikoskenkyla.fi\/kylatalon-varauskalenteri\/","name":"Kyl\u00e4talon varauskalenteri - Pirttikosken kyl&auml;","isPartOf":{"@id":"https:\/\/www.pirttikoskenkyla.fi\/#website"},"primaryImageOfPage":{"@id":"https:\/\/www.pirttikoskenkyla.fi\/kylatalon-varauskalenteri\/#primaryimage"},"image":{"@id":"https:\/\/www.pirttikoskenkyla.fi\/kylatalon-varauskalenteri\/#primaryimage"},"thumbnailUrl":"https:\/\/www.pirttikoskenkyla.fi\/wp-content\/uploads\/skaalattu-kuva-Ahti.jpg","datePublished":"2022-12-06T18:05:14+00:00","dateModified":"2024-01-21T14:31:58+00:00","breadcrumb":{"@id":"https:\/\/www.pirttikoskenkyla.fi\/kylatalon-varauskalenteri\/#breadcrumb"},"inLanguage":"en-GB","potentialAction":[{"@type":"ReadAction","target":["https:\/\/www.pirttikoskenkyla.fi\/kylatalon-varauskalenteri\/"]}]},{"@type":"ImageObject","inLanguage":"en-GB","@id":"https:\/\/www.pirttikoskenkyla.fi\/kylatalon-varauskalenteri\/#primaryimage","url":"https:\/\/www.pirttikoskenkyla.fi\/wp-content\/uploads\/skaalattu-kuva-Ahti.jpg","contentUrl":"https:\/\/www.pirttikoskenkyla.fi\/wp-content\/uploads\/skaalattu-kuva-Ahti.jpg","width":1600,"height":1067,"caption":"Tiina Tiirola"},{"@type":"BreadcrumbList","@id":"https:\/\/www.pirttikoskenkyla.fi\/kylatalon-varauskalenteri\/#breadcrumb","itemListElement":[{"@type":"ListItem","position":1,"name":"Etusivu","item":"https:\/\/www.pirttikoskenkyla.fi\/"},{"@type":"ListItem","position":2,"name":"Kyl\u00e4talon varauskalenteri"}]},{"@type":"WebSite","@id":"https:\/\/www.pirttikoskenkyla.fi\/#website","url":"https:\/\/www.pirttikoskenkyla.fi\/","name":"Pirttikoski Village","description":"","potentialAction":[{"@type":"SearchAction","target":{"@type":"EntryPoint","urlTemplate":"https:\/\/www.pirttikoskenkyla.fi\/?s={search_term_string}"},"query-input":"required name=search_term_string"}],"inLanguage":"en-GB"}]}},"_links":{"self":[{"href":"https:\/\/www.pirttikoskenkyla.fi\/en\/wp-json\/wp\/v2\/pages\/553"}],"collection":[{"href":"https:\/\/www.pirttikoskenkyla.fi\/en\/wp-json\/wp\/v2\/pages"}],"about":[{"href":"https:\/\/www.pirttikoskenkyla.fi\/en\/wp-json\/wp\/v2\/types\/page"}],"author":[{"embeddable":true,"href":"https:\/\/www.pirttikoskenkyla.fi\/en\/wp-json\/wp\/v2\/users\/2"}],"replies":[{"embeddable":true,"href":"https:\/\/www.pirttikoskenkyla.fi\/en\/wp-json\/wp\/v2\/comments?post=553"}],"version-history":[{"count":15,"href":"https:\/\/www.pirttikoskenkyla.fi\/en\/wp-json\/wp\/v2\/pages\/553\/revisions"}],"predecessor-version":[{"id":1086,"href":"https:\/\/www.pirttikoskenkyla.fi\/en\/wp-json\/wp\/v2\/pages\/553\/revisions\/1086"}],"wp:featuredmedia":[{"embeddable":true,"href":"https:\/\/www.pirttikoskenkyla.fi\/en\/wp-json\/wp\/v2\/media\/561"}],"wp:attachment":[{"href":"https:\/\/www.pirttikoskenkyla.fi\/en\/wp-json\/wp\/v2\/media?parent=553"}],"curies":[{"name":"wp","href":"https:\/\/api.w.org\/{rel}","templated":true}]}}