{"id":603,"date":"2023-01-05T09:37:33","date_gmt":"2023-01-05T09:37:33","guid":{"rendered":"https:\/\/www.pirttikoskenkyla.fi\/?page_id=603"},"modified":"2026-02-04T19:03:33","modified_gmt":"2026-02-04T19:03:33","slug":"jaseneksi_kylayhdistykseen","status":"publish","type":"page","link":"https:\/\/www.pirttikoskenkyla.fi\/en\/jaseneksi_kylayhdistykseen\/","title":{"rendered":"Join the Village Association"},"content":{"rendered":"<div data-elementor-type=\"wp-page\" data-elementor-id=\"603\" class=\"elementor elementor-603\">\n\t\t\t\t\t\t<section class=\"elementor-section elementor-top-section elementor-element elementor-element-912d951 elementor-section-boxed elementor-section-height-default elementor-section-height-default\" data-id=\"912d951\" data-element_type=\"section\">\n\t\t\t\t\t\t<div class=\"elementor-container elementor-column-gap-default\">\n\t\t\t\t\t<div class=\"elementor-column elementor-col-50 elementor-top-column elementor-element elementor-element-c909dc2\" data-id=\"c909dc2\" data-element_type=\"column\">\n\t\t\t<div class=\"elementor-widget-wrap elementor-element-populated\">\n\t\t\t\t\t\t<div class=\"elementor-element elementor-element-ec49526 elementor-widget elementor-widget-heading\" data-id=\"ec49526\" data-element_type=\"widget\" data-widget_type=\"heading.default\">\n\t\t\t\t<div class=\"elementor-widget-container\">\n\t\t\t\t\t<h2 class=\"elementor-heading-title elementor-size-default\">Yhdess\u00e4 on enemm\u00e4n<\/h2>\t\t\t\t<\/div>\n\t\t\t\t<\/div>\n\t\t\t\t<div class=\"elementor-element elementor-element-396d182 elementor-widget elementor-widget-text-editor\" data-id=\"396d182\" data-element_type=\"widget\" data-widget_type=\"text-editor.default\">\n\t\t\t\t<div class=\"elementor-widget-container\">\n\t\t\t\t\t\t\t\t\t<p><span style=\"font-style: inherit; font-weight: inherit; background-color: var(--ast-global-color-5); color: var(--ast-global-color-8);\">Liittym\u00e4ll\u00e4 j\u00e4seneksi tuet kyl\u00e4yhdistyksen toimintaa. Sinulla on my\u00f6s mahdollisuus osallistua kyl\u00e4n kehitt\u00e4miseen ja asioiden eteenp\u00e4in viemiseen.<\/span><\/p>\n<p>Kyl\u00e4yhdistys on ottanut k\u00e4ytt\u00f6\u00f6n Yhdistysavain-palvelun, jonka avulla pystymme yll\u00e4pit\u00e4m\u00e4\u00e4n lain mukaista j\u00e4senrekisteri\u00e4.&nbsp;&nbsp;<\/p>\n<p>UUDET J\u00c4SENET:&nbsp;<a style=\"font-style: inherit; font-weight: inherit;\" href=\"https:\/\/pirttikoskenkyla.seura.info\/\" target=\"_blank\" rel=\"noopener\"><strong>T\u00c4YT\u00c4 J\u00c4SENHAKEMUS<\/strong><\/a><\/p>\n<p>Kun hakemuksesi on hyv\u00e4ksytty ja j\u00e4senmaksu maksettu olet Pirttikosken kyl\u00e4yhdistyksen j\u00e4sen.&nbsp;<\/p>\n<p><span style=\"font-style: inherit; font-weight: inherit; background-color: var(--ast-global-color-5); color: var(--ast-global-color-8);\">Varsinainen j\u00e4sen:<\/span><\/p>\n<ul>\n<li><span style=\"background-color: var(--ast-global-color-5); color: var(--ast-global-color-8); font-style: inherit; font-weight: inherit;\">yleiskokouksissa puhe- ja \u00e4\u00e4nioikeus,<\/span><\/li>\n<li>voi j\u00e4tt\u00e4\u00e4 esityksi\u00e4 ja aloitteita hallituksen j\u00e4senille,<\/li>\n<li>on velvollinen maksamaan yhdistyksen syyskokouksen m\u00e4\u00e4r\u00e4\u00e4m\u00e4n j\u00e4senmaksun,<\/li>\n<li>voi tulla valituksi hallituksen j\u00e4seneksi,<\/li>\n<li><span style=\"background-color: var(--ast-global-color-5); color: var(--ast-global-color-8); font-style: inherit; font-weight: inherit;\">voi halutessaan erota ilmoittamalla siit\u00e4 hallitukselle.&nbsp;<\/span><\/li>\n<\/ul>\n<p>Kannattajaj\u00e4sen:<\/p>\n<ul>\n<li>&nbsp;tukee yhdistyksen toimintaa maksamalla kannattajaj\u00e4senmaksun<\/li>\n<li>&nbsp;vuosikokouksissa puheoikeus<\/li>\n<\/ul>\t\t\t\t\t\t\t\t<\/div>\n\t\t\t\t<\/div>\n\t\t\t\t\t<\/div>\n\t\t<\/div>\n\t\t\t\t<div class=\"elementor-column elementor-col-50 elementor-top-column elementor-element elementor-element-cf92cc5\" data-id=\"cf92cc5\" data-element_type=\"column\">\n\t\t\t<div class=\"elementor-widget-wrap elementor-element-populated\">\n\t\t\t\t\t\t<div class=\"elementor-element elementor-element-80c4378 elementor-widget elementor-widget-heading\" data-id=\"80c4378\" data-element_type=\"widget\" data-widget_type=\"heading.default\">\n\t\t\t\t<div class=\"elementor-widget-container\">\n\t\t\t\t\t<h2 class=\"elementor-heading-title elementor-size-default\">J\u00e4senmaksu vuodelle 2026<\/h2>\t\t\t\t<\/div>\n\t\t\t\t<\/div>\n\t\t\t\t<div class=\"elementor-element elementor-element-d07a6c2 elementor-widget elementor-widget-text-editor\" data-id=\"d07a6c2\" data-element_type=\"widget\" data-widget_type=\"text-editor.default\">\n\t\t\t\t<div class=\"elementor-widget-container\">\n\t\t\t\t\t\t\t\t\t<p>Vuoden 2025 syyskokouksessa p\u00e4\u00e4tettiin yksimielisesti\u00a0<br \/><span style=\"font-style: inherit; font-weight: inherit; background-color: var(--ast-global-color-5); color: var(--ast-global-color-8);\">vuoden 2026 j\u00e4senmaksuksi:<\/span><\/p><p><span style=\"font-style: inherit; background-color: var(--ast-global-color-5); color: var(--ast-global-color-8);\"><b>varsinaiset j\u00e4senet<\/b><\/span><span style=\"font-style: inherit; background-color: var(--ast-global-color-5); color: var(--ast-global-color-8);\"> (yli 15 -vuotiaat): <b>10 \u20ac\/hl\u00f6<\/b><br \/><\/span><b><span style=\"background-color: var(--ast-global-color-5); color: var(--ast-global-color-8); font-style: inherit;\">k<\/span><span style=\"background-color: var(--ast-global-color-5); color: var(--ast-global-color-8); font-style: inherit;\">annattajaj\u00e4senet<\/span><\/b><span style=\"background-color: var(--ast-global-color-5); color: var(--ast-global-color-8); font-style: inherit; font-weight: inherit;\"> (yritys, yhdistys, yksityinen henkil\u00f6): <strong>10 \u20ac\/vuosi tai <\/strong><\/span><span style=\"background-color: var(--ast-global-color-5); color: var(--ast-global-color-8); font-style: inherit;\"><b>parhaaksi katsomansa summan.\u00a0<\/b><\/span><\/p><p>Tilille:\u00a0 \u00a0 \u00a0FI07 5381 1740 0086 57<br \/>Viite:\u00a0 \u00a0 \u00a0 86 325<\/p><p><span style=\"background-color: var(--ast-global-color-5); color: var(--ast-global-color-8); font-style: inherit; font-weight: inherit;\">UUSI J\u00c4SEN: Muista k\u00e4yd\u00e4 t\u00e4ytt\u00e4m\u00e4ss\u00e4 <a href=\"https:\/\/pirttikoskenkyla.seura.info\/\" target=\"_blank\" rel=\"noopener\"><strong>J\u00c4SENHAKEMUS<\/strong><\/a><br \/>VANHA J\u00c4SEN: maksa j\u00e4senmaksusi yll\u00e4 annetuilla tiedoilla. Rekister\u00f6imme sinut j\u00e4rjestelm\u00e4\u00e4n maksun maksettuasi.<\/span><\/p><p><a href=\"https:\/\/www.pirttikoskenkyla.fi\/en\/rekisteri_ja_tietosuojaseloste\/\" target=\"_blank\" rel=\"noopener\">Privacy Policy<\/a><\/p>\t\t\t\t\t\t\t\t<\/div>\n\t\t\t\t<\/div>\n\t\t\t\t\t<\/div>\n\t\t<\/div>\n\t\t\t\t\t<\/div>\n\t\t<\/section>\n\t\t\t\t<\/div>","protected":false},"excerpt":{"rendered":"<p>Yhdess\u00e4 on enemm\u00e4n Liittym\u00e4ll\u00e4 j\u00e4seneksi tuet kyl\u00e4yhdistyksen toimintaa. Sinulla on my\u00f6s mahdollisuus osallistua kyl\u00e4n kehitt\u00e4miseen ja asioiden eteenp\u00e4in viemiseen. Kyl\u00e4yhdistys on ottanut k\u00e4ytt\u00f6\u00f6n Yhdistysavain-palvelun, jonka avulla pystymme yll\u00e4pit\u00e4m\u00e4\u00e4n lain mukaista j\u00e4senrekisteri\u00e4.&nbsp;&nbsp; UUDET J\u00c4SENET:&nbsp;T\u00c4YT\u00c4 J\u00c4SENHAKEMUS Kun hakemuksesi on hyv\u00e4ksytty ja j\u00e4senmaksu maksettu olet Pirttikosken kyl\u00e4yhdistyksen j\u00e4sen.&nbsp; Varsinainen j\u00e4sen: yleiskokouksissa puhe- ja \u00e4\u00e4nioikeus, voi j\u00e4tt\u00e4\u00e4 esityksi\u00e4 ja [&hellip;]<\/p>\n","protected":false},"author":2,"featured_media":659,"parent":0,"menu_order":0,"comment_status":"closed","ping_status":"closed","template":"","meta":{"site-sidebar-layout":"no-sidebar","site-content-layout":"page-builder","ast-site-content-layout":"default","site-content-style":"default","site-sidebar-style":"default","ast-global-header-display":"","ast-banner-title-visibility":"","ast-main-header-display":"","ast-hfb-above-header-display":"","ast-hfb-below-header-display":"","ast-hfb-mobile-header-display":"","site-post-title":"disabled","ast-breadcrumbs-content":"","ast-featured-img":"disabled","footer-sml-layout":"","ast-disable-related-posts":"","theme-transparent-header-meta":"default","adv-header-id-meta":"","stick-header-meta":"","header-above-stick-meta":"","header-main-stick-meta":"","header-below-stick-meta":"","astra-migrate-meta-layouts":"default","ast-page-background-enabled":"default","ast-page-background-meta":{"desktop":{"background-color":"var(--ast-global-color-4)","background-image":"","background-repeat":"repeat","background-position":"center center","background-size":"auto","background-attachment":"scroll","background-type":"","background-media":"","overlay-type":"","overlay-color":"","overlay-opacity":"","overlay-gradient":""},"tablet":{"background-color":"","background-image":"","background-repeat":"repeat","background-position":"center center","background-size":"auto","background-attachment":"scroll","background-type":"","background-media":"","overlay-type":"","overlay-color":"","overlay-opacity":"","overlay-gradient":""},"mobile":{"background-color":"","background-image":"","background-repeat":"repeat","background-position":"center center","background-size":"auto","background-attachment":"scroll","background-type":"","background-media":"","overlay-type":"","overlay-color":"","overlay-opacity":"","overlay-gradient":""}},"ast-content-background-meta":{"desktop":{"background-color":"var(--ast-global-color-5)","background-image":"","background-repeat":"repeat","background-position":"center center","background-size":"auto","background-attachment":"scroll","background-type":"","background-media":"","overlay-type":"","overlay-color":"","overlay-opacity":"","overlay-gradient":""},"tablet":{"background-color":"var(--ast-global-color-5)","background-image":"","background-repeat":"repeat","background-position":"center center","background-size":"auto","background-attachment":"scroll","background-type":"","background-media":"","overlay-type":"","overlay-color":"","overlay-opacity":"","overlay-gradient":""},"mobile":{"background-color":"var(--ast-global-color-5)","background-image":"","background-repeat":"repeat","background-position":"center center","background-size":"auto","background-attachment":"scroll","background-type":"","background-media":"","overlay-type":"","overlay-color":"","overlay-opacity":"","overlay-gradient":""}},"footnotes":""},"yoast_head":"<!-- This site is optimized with the Yoast SEO plugin v22.6 - https:\/\/yoast.com\/wordpress\/plugins\/seo\/ -->\n<title>J\u00e4seneksi kyl\u00e4yhdistykseen - Pirttikosken kyl&auml;<\/title>\n<meta name=\"robots\" content=\"index, follow, max-snippet:-1, max-image-preview:large, max-video-preview:-1\" \/>\n<link rel=\"canonical\" href=\"https:\/\/www.pirttikoskenkyla.fi\/en\/jaseneksi_kylayhdistykseen\/\" \/>\n<meta property=\"og:locale\" content=\"en_GB\" \/>\n<meta property=\"og:type\" content=\"article\" \/>\n<meta property=\"og:title\" content=\"J\u00e4seneksi kyl\u00e4yhdistykseen - Pirttikosken kyl&auml;\" \/>\n<meta property=\"og:description\" content=\"Yhdess\u00e4 on enemm\u00e4n Liittym\u00e4ll\u00e4 j\u00e4seneksi tuet kyl\u00e4yhdistyksen toimintaa. Sinulla on my\u00f6s mahdollisuus osallistua kyl\u00e4n kehitt\u00e4miseen ja asioiden eteenp\u00e4in viemiseen. Kyl\u00e4yhdistys on ottanut k\u00e4ytt\u00f6\u00f6n Yhdistysavain-palvelun, jonka avulla pystymme yll\u00e4pit\u00e4m\u00e4\u00e4n lain mukaista j\u00e4senrekisteri\u00e4.&nbsp;&nbsp; UUDET J\u00c4SENET:&nbsp;T\u00c4YT\u00c4 J\u00c4SENHAKEMUS Kun hakemuksesi on hyv\u00e4ksytty ja j\u00e4senmaksu maksettu olet Pirttikosken kyl\u00e4yhdistyksen j\u00e4sen.&nbsp; Varsinainen j\u00e4sen: yleiskokouksissa puhe- ja \u00e4\u00e4nioikeus, voi j\u00e4tt\u00e4\u00e4 esityksi\u00e4 ja [&hellip;]\" \/>\n<meta property=\"og:url\" content=\"https:\/\/www.pirttikoskenkyla.fi\/en\/jaseneksi_kylayhdistykseen\/\" \/>\n<meta property=\"og:site_name\" content=\"Pirttikosken kyl&auml;\" \/>\n<meta property=\"article:publisher\" content=\"https:\/\/www.facebook.com\/pirttikoskenkylayhdistys\/\" \/>\n<meta property=\"article:modified_time\" content=\"2026-02-04T19:03:33+00:00\" \/>\n<meta property=\"og:image\" content=\"https:\/\/www.pirttikoskenkyla.fi\/wp-content\/uploads\/2021-talkoot-oravisjarvella-2-scaled.jpg\" \/>\n\t<meta property=\"og:image:width\" content=\"2560\" \/>\n\t<meta property=\"og:image:height\" content=\"899\" \/>\n\t<meta property=\"og:image:type\" content=\"image\/jpeg\" \/>\n<meta name=\"twitter:card\" content=\"summary_large_image\" \/>\n<script type=\"application\/ld+json\" class=\"yoast-schema-graph\">{\"@context\":\"https:\/\/schema.org\",\"@graph\":[{\"@type\":\"WebPage\",\"@id\":\"https:\/\/www.pirttikoskenkyla.fi\/jaseneksi_kylayhdistykseen\/\",\"url\":\"https:\/\/www.pirttikoskenkyla.fi\/jaseneksi_kylayhdistykseen\/\",\"name\":\"J\u00e4seneksi kyl\u00e4yhdistykseen - Pirttikosken kyl&auml;\",\"isPartOf\":{\"@id\":\"https:\/\/www.pirttikoskenkyla.fi\/#website\"},\"primaryImageOfPage\":{\"@id\":\"https:\/\/www.pirttikoskenkyla.fi\/jaseneksi_kylayhdistykseen\/#primaryimage\"},\"image\":{\"@id\":\"https:\/\/www.pirttikoskenkyla.fi\/jaseneksi_kylayhdistykseen\/#primaryimage\"},\"thumbnailUrl\":\"https:\/\/www.pirttikoskenkyla.fi\/wp-content\/uploads\/2021-talkoot-oravisjarvella-2-scaled.jpg\",\"datePublished\":\"2023-01-05T09:37:33+00:00\",\"dateModified\":\"2026-02-04T19:03:33+00:00\",\"breadcrumb\":{\"@id\":\"https:\/\/www.pirttikoskenkyla.fi\/jaseneksi_kylayhdistykseen\/#breadcrumb\"},\"inLanguage\":\"en-GB\",\"potentialAction\":[{\"@type\":\"ReadAction\",\"target\":[\"https:\/\/www.pirttikoskenkyla.fi\/jaseneksi_kylayhdistykseen\/\"]}]},{\"@type\":\"ImageObject\",\"inLanguage\":\"en-GB\",\"@id\":\"https:\/\/www.pirttikoskenkyla.fi\/jaseneksi_kylayhdistykseen\/#primaryimage\",\"url\":\"https:\/\/www.pirttikoskenkyla.fi\/wp-content\/uploads\/2021-talkoot-oravisjarvella-2-scaled.jpg\",\"contentUrl\":\"https:\/\/www.pirttikoskenkyla.fi\/wp-content\/uploads\/2021-talkoot-oravisjarvella-2-scaled.jpg\",\"width\":2560,\"height\":899},{\"@type\":\"BreadcrumbList\",\"@id\":\"https:\/\/www.pirttikoskenkyla.fi\/jaseneksi_kylayhdistykseen\/#breadcrumb\",\"itemListElement\":[{\"@type\":\"ListItem\",\"position\":1,\"name\":\"Etusivu\",\"item\":\"https:\/\/www.pirttikoskenkyla.fi\/\"},{\"@type\":\"ListItem\",\"position\":2,\"name\":\"J\u00e4seneksi kyl\u00e4yhdistykseen\"}]},{\"@type\":\"WebSite\",\"@id\":\"https:\/\/www.pirttikoskenkyla.fi\/#website\",\"url\":\"https:\/\/www.pirttikoskenkyla.fi\/\",\"name\":\"Pirttikosken kyl&auml;\",\"description\":\"\",\"potentialAction\":[{\"@type\":\"SearchAction\",\"target\":{\"@type\":\"EntryPoint\",\"urlTemplate\":\"https:\/\/www.pirttikoskenkyla.fi\/?s={search_term_string}\"},\"query-input\":\"required name=search_term_string\"}],\"inLanguage\":\"en-GB\"}]}<\/script>\n<!-- \/ Yoast SEO plugin. -->","yoast_head_json":{"title":"J\u00e4seneksi kyl\u00e4yhdistykseen - Pirttikosken kyl&auml;","robots":{"index":"index","follow":"follow","max-snippet":"max-snippet:-1","max-image-preview":"max-image-preview:large","max-video-preview":"max-video-preview:-1"},"canonical":"https:\/\/www.pirttikoskenkyla.fi\/en\/jaseneksi_kylayhdistykseen\/","og_locale":"en_GB","og_type":"article","og_title":"J\u00e4seneksi kyl\u00e4yhdistykseen - Pirttikosken kyl&auml;","og_description":"Yhdess\u00e4 on enemm\u00e4n Liittym\u00e4ll\u00e4 j\u00e4seneksi tuet kyl\u00e4yhdistyksen toimintaa. Sinulla on my\u00f6s mahdollisuus osallistua kyl\u00e4n kehitt\u00e4miseen ja asioiden eteenp\u00e4in viemiseen. Kyl\u00e4yhdistys on ottanut k\u00e4ytt\u00f6\u00f6n Yhdistysavain-palvelun, jonka avulla pystymme yll\u00e4pit\u00e4m\u00e4\u00e4n lain mukaista j\u00e4senrekisteri\u00e4.&nbsp;&nbsp; UUDET J\u00c4SENET:&nbsp;T\u00c4YT\u00c4 J\u00c4SENHAKEMUS Kun hakemuksesi on hyv\u00e4ksytty ja j\u00e4senmaksu maksettu olet Pirttikosken kyl\u00e4yhdistyksen j\u00e4sen.&nbsp; Varsinainen j\u00e4sen: yleiskokouksissa puhe- ja \u00e4\u00e4nioikeus, voi j\u00e4tt\u00e4\u00e4 esityksi\u00e4 ja [&hellip;]","og_url":"https:\/\/www.pirttikoskenkyla.fi\/en\/jaseneksi_kylayhdistykseen\/","og_site_name":"Pirttikosken kyl&auml;","article_publisher":"https:\/\/www.facebook.com\/pirttikoskenkylayhdistys\/","article_modified_time":"2026-02-04T19:03:33+00:00","og_image":[{"width":2560,"height":899,"url":"https:\/\/www.pirttikoskenkyla.fi\/wp-content\/uploads\/2021-talkoot-oravisjarvella-2-scaled.jpg","type":"image\/jpeg"}],"twitter_card":"summary_large_image","schema":{"@context":"https:\/\/schema.org","@graph":[{"@type":"WebPage","@id":"https:\/\/www.pirttikoskenkyla.fi\/jaseneksi_kylayhdistykseen\/","url":"https:\/\/www.pirttikoskenkyla.fi\/jaseneksi_kylayhdistykseen\/","name":"J\u00e4seneksi kyl\u00e4yhdistykseen - Pirttikosken kyl&auml;","isPartOf":{"@id":"https:\/\/www.pirttikoskenkyla.fi\/#website"},"primaryImageOfPage":{"@id":"https:\/\/www.pirttikoskenkyla.fi\/jaseneksi_kylayhdistykseen\/#primaryimage"},"image":{"@id":"https:\/\/www.pirttikoskenkyla.fi\/jaseneksi_kylayhdistykseen\/#primaryimage"},"thumbnailUrl":"https:\/\/www.pirttikoskenkyla.fi\/wp-content\/uploads\/2021-talkoot-oravisjarvella-2-scaled.jpg","datePublished":"2023-01-05T09:37:33+00:00","dateModified":"2026-02-04T19:03:33+00:00","breadcrumb":{"@id":"https:\/\/www.pirttikoskenkyla.fi\/jaseneksi_kylayhdistykseen\/#breadcrumb"},"inLanguage":"en-GB","potentialAction":[{"@type":"ReadAction","target":["https:\/\/www.pirttikoskenkyla.fi\/jaseneksi_kylayhdistykseen\/"]}]},{"@type":"ImageObject","inLanguage":"en-GB","@id":"https:\/\/www.pirttikoskenkyla.fi\/jaseneksi_kylayhdistykseen\/#primaryimage","url":"https:\/\/www.pirttikoskenkyla.fi\/wp-content\/uploads\/2021-talkoot-oravisjarvella-2-scaled.jpg","contentUrl":"https:\/\/www.pirttikoskenkyla.fi\/wp-content\/uploads\/2021-talkoot-oravisjarvella-2-scaled.jpg","width":2560,"height":899},{"@type":"BreadcrumbList","@id":"https:\/\/www.pirttikoskenkyla.fi\/jaseneksi_kylayhdistykseen\/#breadcrumb","itemListElement":[{"@type":"ListItem","position":1,"name":"Etusivu","item":"https:\/\/www.pirttikoskenkyla.fi\/"},{"@type":"ListItem","position":2,"name":"J\u00e4seneksi kyl\u00e4yhdistykseen"}]},{"@type":"WebSite","@id":"https:\/\/www.pirttikoskenkyla.fi\/#website","url":"https:\/\/www.pirttikoskenkyla.fi\/","name":"Pirttikoski Village","description":"","potentialAction":[{"@type":"SearchAction","target":{"@type":"EntryPoint","urlTemplate":"https:\/\/www.pirttikoskenkyla.fi\/?s={search_term_string}"},"query-input":"required name=search_term_string"}],"inLanguage":"en-GB"}]}},"_links":{"self":[{"href":"https:\/\/www.pirttikoskenkyla.fi\/en\/wp-json\/wp\/v2\/pages\/603"}],"collection":[{"href":"https:\/\/www.pirttikoskenkyla.fi\/en\/wp-json\/wp\/v2\/pages"}],"about":[{"href":"https:\/\/www.pirttikoskenkyla.fi\/en\/wp-json\/wp\/v2\/types\/page"}],"author":[{"embeddable":true,"href":"https:\/\/www.pirttikoskenkyla.fi\/en\/wp-json\/wp\/v2\/users\/2"}],"replies":[{"embeddable":true,"href":"https:\/\/www.pirttikoskenkyla.fi\/en\/wp-json\/wp\/v2\/comments?post=603"}],"version-history":[{"count":83,"href":"https:\/\/www.pirttikoskenkyla.fi\/en\/wp-json\/wp\/v2\/pages\/603\/revisions"}],"predecessor-version":[{"id":1381,"href":"https:\/\/www.pirttikoskenkyla.fi\/en\/wp-json\/wp\/v2\/pages\/603\/revisions\/1381"}],"wp:featuredmedia":[{"embeddable":true,"href":"https:\/\/www.pirttikoskenkyla.fi\/en\/wp-json\/wp\/v2\/media\/659"}],"wp:attachment":[{"href":"https:\/\/www.pirttikoskenkyla.fi\/en\/wp-json\/wp\/v2\/media?parent=603"}],"curies":[{"name":"wp","href":"https:\/\/api.w.org\/{rel}","templated":true}]}}