{"id":861,"date":"2023-05-26T11:36:49","date_gmt":"2023-05-26T11:36:49","guid":{"rendered":"https:\/\/www.pirttikoskenkyla.fi\/?page_id=861"},"modified":"2024-07-20T12:33:01","modified_gmt":"2024-07-20T12:33:01","slug":"welcome-cyclist-tervetuloa-pyorailija","status":"publish","type":"page","link":"https:\/\/www.pirttikoskenkyla.fi\/en\/welcome-cyclist-tervetuloa-pyorailija\/","title":{"rendered":"WELCOME CYCLIST"},"content":{"rendered":"<div data-elementor-type=\"wp-page\" data-elementor-id=\"861\" class=\"elementor elementor-861\">\n\t\t\t\t\t\t<section class=\"elementor-section elementor-top-section elementor-element elementor-element-4b50a71 elementor-section-boxed elementor-section-height-default elementor-section-height-default\" data-id=\"4b50a71\" data-element_type=\"section\">\n\t\t\t\t\t\t<div class=\"elementor-container elementor-column-gap-default\">\n\t\t\t\t\t<div class=\"elementor-column elementor-col-100 elementor-top-column elementor-element elementor-element-fccbc19\" data-id=\"fccbc19\" data-element_type=\"column\">\n\t\t\t<div class=\"elementor-widget-wrap elementor-element-populated\">\n\t\t\t\t\t\t<div class=\"elementor-element elementor-element-e755e0f elementor-widget elementor-widget-heading\" data-id=\"e755e0f\" data-element_type=\"widget\" data-widget_type=\"heading.default\">\n\t\t\t\t<div class=\"elementor-widget-container\">\n\t\t\t\t\t<h2 class=\"elementor-heading-title elementor-size-default\">Welcome Cyclist to the Village House<\/h2>\t\t\t\t<\/div>\n\t\t\t\t<\/div>\n\t\t\t\t\t<\/div>\n\t\t<\/div>\n\t\t\t\t\t<\/div>\n\t\t<\/section>\n\t\t\t\t<section class=\"elementor-section elementor-top-section elementor-element elementor-element-37df6e7 elementor-section-boxed elementor-section-height-default elementor-section-height-default\" data-id=\"37df6e7\" data-element_type=\"section\">\n\t\t\t\t\t\t<div class=\"elementor-container elementor-column-gap-default\">\n\t\t\t\t\t<div class=\"elementor-column elementor-col-100 elementor-top-column elementor-element elementor-element-9a5dfbe\" data-id=\"9a5dfbe\" data-element_type=\"column\">\n\t\t\t<div class=\"elementor-widget-wrap elementor-element-populated\">\n\t\t\t\t\t\t<div class=\"elementor-element elementor-element-afd296e elementor-widget elementor-widget-text-editor\" data-id=\"afd296e\" data-element_type=\"widget\" data-widget_type=\"text-editor.default\">\n\t\t\t\t<div class=\"elementor-widget-container\">\n\t\t\t\t\t\t\t\t\t<p>During the summer of 2023, an extensive hiking and biking trail network was completed in the municipality of Pyh\u00e4joki. The trails have been in trial use for a year, but the final routes will be completed by the upcoming summer.\u00a0<br \/><span style=\"font-style: inherit; font-weight: inherit; background-color: var(--ast-global-color-5); color: var(--ast-global-color-8);\">The village association has participated in the \"Cycling to the Moon\" project, which aims to make bicycle tourism a new tourism industry for rural areas. The project develops the conditions for bicycle tourism and creates a new circular route suitable for bike touring between Liminka, Oulainen, Pyh\u00e4joki, Raahe, and back to Liminka. The Village House has been awarded\u00a0<\/span><span style=\"font-style: inherit; font-weight: inherit; background-color: var(--ast-global-color-5); color: var(--ast-global-color-8);\">the national <em><strong>\"Welcome Cyclist\" certificate<\/strong><\/em> and is one of the stops on the route map available on Bikeland.fi.<\/span><\/p>\t\t\t\t\t\t\t\t<\/div>\n\t\t\t\t<\/div>\n\t\t\t\t\t<\/div>\n\t\t<\/div>\n\t\t\t\t\t<\/div>\n\t\t<\/section>\n\t\t\t\t<section class=\"elementor-section elementor-top-section elementor-element elementor-element-a3f3be5 elementor-section-boxed elementor-section-height-default elementor-section-height-default\" data-id=\"a3f3be5\" data-element_type=\"section\">\n\t\t\t\t\t\t<div class=\"elementor-container elementor-column-gap-default\">\n\t\t\t\t\t<div class=\"elementor-column elementor-col-50 elementor-top-column elementor-element elementor-element-f6b956a\" data-id=\"f6b956a\" data-element_type=\"column\">\n\t\t\t<div class=\"elementor-widget-wrap elementor-element-populated\">\n\t\t\t\t\t\t<div class=\"elementor-element elementor-element-34342e0 elementor-widget elementor-widget-text-editor\" data-id=\"34342e0\" data-element_type=\"widget\" data-widget_type=\"text-editor.default\">\n\t\t\t\t<div class=\"elementor-widget-container\">\n\t\t\t\t\t\t\t\t\t<p>In the backyard of the Village House, there is <em><strong>an always-open WC and a water point.<\/strong><\/em> You will also find basic bike maintenance supplies, such as a bike pump, patching materials, bike cleaning tools, chain oil, and more. <br \/>If needed, you can lock your bike to the bars under the shelter.<br \/>For charging your phone or bike battery, you will find electrical outlets on the wall of the house or at the outlets available through Matkaparkki.com.<\/p><p>If you have a tent with you, you are free to set it up in the yard of the Village House. However, if you want to stay indoors or plan to stay longer, please contact the Village House staff.\u00a0<\/p><p>The Village House also offers accommodation through Matkaparkki.com. You can reserve a spot for yourself via the Matkaparkki.com app, settle in, and go for a bike ride in the nearby areas or swim at the beach north of Kuusiniemi Bridge.<\/p><p>\u00a0<\/p>\t\t\t\t\t\t\t\t<\/div>\n\t\t\t\t<\/div>\n\t\t\t\t\t<\/div>\n\t\t<\/div>\n\t\t\t\t<div class=\"elementor-column elementor-col-50 elementor-top-column elementor-element elementor-element-1ddad10\" data-id=\"1ddad10\" data-element_type=\"column\">\n\t\t\t<div class=\"elementor-widget-wrap elementor-element-populated\">\n\t\t\t\t\t\t<div class=\"elementor-element elementor-element-8fe560f elementor-widget elementor-widget-text-editor\" data-id=\"8fe560f\" data-element_type=\"widget\" data-widget_type=\"text-editor.default\">\n\t\t\t\t<div class=\"elementor-widget-container\">\n\t\t\t\t\t\t\t\t\t<p>Links:<\/p><p><a href=\"https:\/\/www.pirttikoskenkyla.fi\/en\/kylatalo\/\">More information about Village House<\/a><\/p><p><a href=\"https:\/\/www.google.com\/maps\/d\/u\/0\/edit?mid=1jIdjkJCFcQ1h_XCa6UQPzJimXKQ5Ig0l&amp;ll=64.4814718303556424.2854446785325&amp;z=13\" target=\"_blank\" rel=\"noopener\">Map of Pyh\u00e4joki Municipality's Recreation Sites<\/a><\/p><p><a href=\"https:\/\/lipas.fi\/liikuntapaikat\" target=\"_blank\" rel=\"noopener\">Pyh\u00e4joki hiking trails; Lipas exercise locations<\/a><\/p><p><a href=\"https:\/\/www.visitraahe.fi\/en\/flatland-route-bicycle-touring\">Flatland Route<\/a><\/p><p><a href=\"https:\/\/www.bikeland.fi\/en\/reitit\" target=\"_blank\" rel=\"noopener\">Bikeland.fi routes<\/a><\/p><p><a href=\"https:\/\/www.pirttikoskenkyla.fi\/en\/matkaparkki-com\/\" target=\"_blank\" rel=\"noopener\">Village House's Matkaparkki.com<\/a><\/p><p><a href=\"https:\/\/www.pyhajoki.fi\/en\" target=\"_blank\" rel=\"noopener\">Pyh\u00e4joki<\/a><\/p><p><a href=\"http:\/\/www.visitpyhajoki.fi\/en\/\" target=\"_blank\" rel=\"noopener\">Visit Pyh\u00e4joki<\/a><\/p>\t\t\t\t\t\t\t\t<\/div>\n\t\t\t\t<\/div>\n\t\t\t\t\t<\/div>\n\t\t<\/div>\n\t\t\t\t\t<\/div>\n\t\t<\/section>\n\t\t\t\t<\/div>","protected":false},"excerpt":{"rendered":"<p>Tervetuloa Py\u00f6r\u00e4ilij\u00e4 Kyl\u00e4talolle Pyh\u00e4joen kuntaan on valmistunut laaja Retkeilyreitist\u00f6 kes\u00e4n 2023 aikana. Reitist\u00f6 on ollut\u00a0 koek\u00e4yt\u00f6ss\u00e4 jo vuoden verran, mutta lopulliset reitit valmistuvat tulevan kes\u00e4n aikana.\u00a0Kyl\u00e4yhdistys on\u00a0 osallistunut Py\u00f6r\u00e4ll\u00e4 kuuhun -hankkeeseen, jonka tavoitteena on tehd\u00e4 py\u00f6r\u00e4matkailusta uusi matkailuelinkeino maaseudulle.\u00a0 Hankkeessa kehitet\u00e4\u00e4n py\u00f6r\u00e4matkailun edellytyksi\u00e4 sek\u00e4 retkipy\u00f6r\u00e4ilyyn soveltuva uusi rengasreitti Liminka-Oulainen-Pyh\u00e4joki-Raahe-Liminka v\u00e4lille. Kyl\u00e4talolle onkin my\u00f6nnetty\u00a0valtakunnallinen Tervetuloa Py\u00f6r\u00e4ilij\u00e4 [&hellip;]<\/p>\n","protected":false},"author":2,"featured_media":898,"parent":0,"menu_order":0,"comment_status":"closed","ping_status":"closed","template":"","meta":{"site-sidebar-layout":"no-sidebar","site-content-layout":"page-builder","ast-site-content-layout":"default","site-content-style":"default","site-sidebar-style":"default","ast-global-header-display":"","ast-banner-title-visibility":"","ast-main-header-display":"","ast-hfb-above-header-display":"","ast-hfb-below-header-display":"","ast-hfb-mobile-header-display":"","site-post-title":"disabled","ast-breadcrumbs-content":"","ast-featured-img":"disabled","footer-sml-layout":"","ast-disable-related-posts":"","theme-transparent-header-meta":"default","adv-header-id-meta":"","stick-header-meta":"","header-above-stick-meta":"","header-main-stick-meta":"","header-below-stick-meta":"","astra-migrate-meta-layouts":"default","ast-page-background-enabled":"default","ast-page-background-meta":{"desktop":{"background-color":"var(--ast-global-color-4)","background-image":"","background-repeat":"repeat","background-position":"center center","background-size":"auto","background-attachment":"scroll","background-type":"","background-media":"","overlay-type":"","overlay-color":"","overlay-opacity":"","overlay-gradient":""},"tablet":{"background-color":"","background-image":"","background-repeat":"repeat","background-position":"center center","background-size":"auto","background-attachment":"scroll","background-type":"","background-media":"","overlay-type":"","overlay-color":"","overlay-opacity":"","overlay-gradient":""},"mobile":{"background-color":"","background-image":"","background-repeat":"repeat","background-position":"center center","background-size":"auto","background-attachment":"scroll","background-type":"","background-media":"","overlay-type":"","overlay-color":"","overlay-opacity":"","overlay-gradient":""}},"ast-content-background-meta":{"desktop":{"background-color":"var(--ast-global-color-5)","background-image":"","background-repeat":"repeat","background-position":"center center","background-size":"auto","background-attachment":"scroll","background-type":"","background-media":"","overlay-type":"","overlay-color":"","overlay-opacity":"","overlay-gradient":""},"tablet":{"background-color":"var(--ast-global-color-5)","background-image":"","background-repeat":"repeat","background-position":"center center","background-size":"auto","background-attachment":"scroll","background-type":"","background-media":"","overlay-type":"","overlay-color":"","overlay-opacity":"","overlay-gradient":""},"mobile":{"background-color":"var(--ast-global-color-5)","background-image":"","background-repeat":"repeat","background-position":"center center","background-size":"auto","background-attachment":"scroll","background-type":"","background-media":"","overlay-type":"","overlay-color":"","overlay-opacity":"","overlay-gradient":""}},"footnotes":""},"yoast_head":"<!-- This site is optimized with the Yoast SEO plugin v22.6 - https:\/\/yoast.com\/wordpress\/plugins\/seo\/ -->\n<title>WELCOME CYCLIST - Tervetuloa Py\u00f6r\u00e4ilij\u00e4 - Pirttikosken kyl&auml;<\/title>\n<meta name=\"robots\" content=\"index, follow, max-snippet:-1, max-image-preview:large, max-video-preview:-1\" \/>\n<link rel=\"canonical\" href=\"https:\/\/www.pirttikoskenkyla.fi\/en\/welcome-cyclist-tervetuloa-pyorailija\/\" \/>\n<meta property=\"og:locale\" content=\"en_GB\" \/>\n<meta property=\"og:type\" content=\"article\" \/>\n<meta property=\"og:title\" content=\"WELCOME CYCLIST - Tervetuloa Py\u00f6r\u00e4ilij\u00e4 - Pirttikosken kyl&auml;\" \/>\n<meta property=\"og:description\" content=\"Tervetuloa Py\u00f6r\u00e4ilij\u00e4 Kyl\u00e4talolle Pyh\u00e4joen kuntaan on valmistunut laaja Retkeilyreitist\u00f6 kes\u00e4n 2023 aikana. Reitist\u00f6 on ollut\u00a0 koek\u00e4yt\u00f6ss\u00e4 jo vuoden verran, mutta lopulliset reitit valmistuvat tulevan kes\u00e4n aikana.\u00a0Kyl\u00e4yhdistys on\u00a0 osallistunut Py\u00f6r\u00e4ll\u00e4 kuuhun -hankkeeseen, jonka tavoitteena on tehd\u00e4 py\u00f6r\u00e4matkailusta uusi matkailuelinkeino maaseudulle.\u00a0 Hankkeessa kehitet\u00e4\u00e4n py\u00f6r\u00e4matkailun edellytyksi\u00e4 sek\u00e4 retkipy\u00f6r\u00e4ilyyn soveltuva uusi rengasreitti Liminka-Oulainen-Pyh\u00e4joki-Raahe-Liminka v\u00e4lille. Kyl\u00e4talolle onkin my\u00f6nnetty\u00a0valtakunnallinen Tervetuloa Py\u00f6r\u00e4ilij\u00e4 [&hellip;]\" \/>\n<meta property=\"og:url\" content=\"https:\/\/www.pirttikoskenkyla.fi\/en\/welcome-cyclist-tervetuloa-pyorailija\/\" \/>\n<meta property=\"og:site_name\" content=\"Pirttikosken kyl&auml;\" \/>\n<meta property=\"article:publisher\" content=\"https:\/\/www.facebook.com\/pirttikoskenkylayhdistys\/\" \/>\n<meta property=\"article:modified_time\" content=\"2024-07-20T12:33:01+00:00\" \/>\n<meta property=\"og:image\" content=\"https:\/\/www.pirttikoskenkyla.fi\/wp-content\/uploads\/WP-artikkelikuva.jpg\" \/>\n\t<meta property=\"og:image:width\" content=\"1600\" \/>\n\t<meta property=\"og:image:height\" content=\"350\" \/>\n\t<meta property=\"og:image:type\" content=\"image\/jpeg\" \/>\n<meta name=\"twitter:card\" content=\"summary_large_image\" \/>\n<script type=\"application\/ld+json\" class=\"yoast-schema-graph\">{\"@context\":\"https:\/\/schema.org\",\"@graph\":[{\"@type\":\"WebPage\",\"@id\":\"https:\/\/www.pirttikoskenkyla.fi\/welcome-cyclist-tervetuloa-pyorailija\/\",\"url\":\"https:\/\/www.pirttikoskenkyla.fi\/welcome-cyclist-tervetuloa-pyorailija\/\",\"name\":\"WELCOME CYCLIST - Tervetuloa Py\u00f6r\u00e4ilij\u00e4 - Pirttikosken kyl&auml;\",\"isPartOf\":{\"@id\":\"https:\/\/www.pirttikoskenkyla.fi\/#website\"},\"primaryImageOfPage\":{\"@id\":\"https:\/\/www.pirttikoskenkyla.fi\/welcome-cyclist-tervetuloa-pyorailija\/#primaryimage\"},\"image\":{\"@id\":\"https:\/\/www.pirttikoskenkyla.fi\/welcome-cyclist-tervetuloa-pyorailija\/#primaryimage\"},\"thumbnailUrl\":\"https:\/\/www.pirttikoskenkyla.fi\/wp-content\/uploads\/WP-artikkelikuva.jpg\",\"datePublished\":\"2023-05-26T11:36:49+00:00\",\"dateModified\":\"2024-07-20T12:33:01+00:00\",\"breadcrumb\":{\"@id\":\"https:\/\/www.pirttikoskenkyla.fi\/welcome-cyclist-tervetuloa-pyorailija\/#breadcrumb\"},\"inLanguage\":\"en-GB\",\"potentialAction\":[{\"@type\":\"ReadAction\",\"target\":[\"https:\/\/www.pirttikoskenkyla.fi\/welcome-cyclist-tervetuloa-pyorailija\/\"]}]},{\"@type\":\"ImageObject\",\"inLanguage\":\"en-GB\",\"@id\":\"https:\/\/www.pirttikoskenkyla.fi\/welcome-cyclist-tervetuloa-pyorailija\/#primaryimage\",\"url\":\"https:\/\/www.pirttikoskenkyla.fi\/wp-content\/uploads\/WP-artikkelikuva.jpg\",\"contentUrl\":\"https:\/\/www.pirttikoskenkyla.fi\/wp-content\/uploads\/WP-artikkelikuva.jpg\",\"width\":1600,\"height\":350},{\"@type\":\"BreadcrumbList\",\"@id\":\"https:\/\/www.pirttikoskenkyla.fi\/welcome-cyclist-tervetuloa-pyorailija\/#breadcrumb\",\"itemListElement\":[{\"@type\":\"ListItem\",\"position\":1,\"name\":\"Etusivu\",\"item\":\"https:\/\/www.pirttikoskenkyla.fi\/\"},{\"@type\":\"ListItem\",\"position\":2,\"name\":\"WELCOME CYCLIST &#8211; Tervetuloa Py\u00f6r\u00e4ilij\u00e4\"}]},{\"@type\":\"WebSite\",\"@id\":\"https:\/\/www.pirttikoskenkyla.fi\/#website\",\"url\":\"https:\/\/www.pirttikoskenkyla.fi\/\",\"name\":\"Pirttikosken kyl&auml;\",\"description\":\"\",\"potentialAction\":[{\"@type\":\"SearchAction\",\"target\":{\"@type\":\"EntryPoint\",\"urlTemplate\":\"https:\/\/www.pirttikoskenkyla.fi\/?s={search_term_string}\"},\"query-input\":\"required name=search_term_string\"}],\"inLanguage\":\"en-GB\"}]}<\/script>\n<!-- \/ Yoast SEO plugin. -->","yoast_head_json":{"title":"WELCOME CYCLIST - Tervetuloa Py\u00f6r\u00e4ilij\u00e4 - Pirttikosken kyl&auml;","robots":{"index":"index","follow":"follow","max-snippet":"max-snippet:-1","max-image-preview":"max-image-preview:large","max-video-preview":"max-video-preview:-1"},"canonical":"https:\/\/www.pirttikoskenkyla.fi\/en\/welcome-cyclist-tervetuloa-pyorailija\/","og_locale":"en_GB","og_type":"article","og_title":"WELCOME CYCLIST - Tervetuloa Py\u00f6r\u00e4ilij\u00e4 - Pirttikosken kyl&auml;","og_description":"Tervetuloa Py\u00f6r\u00e4ilij\u00e4 Kyl\u00e4talolle Pyh\u00e4joen kuntaan on valmistunut laaja Retkeilyreitist\u00f6 kes\u00e4n 2023 aikana. Reitist\u00f6 on ollut\u00a0 koek\u00e4yt\u00f6ss\u00e4 jo vuoden verran, mutta lopulliset reitit valmistuvat tulevan kes\u00e4n aikana.\u00a0Kyl\u00e4yhdistys on\u00a0 osallistunut Py\u00f6r\u00e4ll\u00e4 kuuhun -hankkeeseen, jonka tavoitteena on tehd\u00e4 py\u00f6r\u00e4matkailusta uusi matkailuelinkeino maaseudulle.\u00a0 Hankkeessa kehitet\u00e4\u00e4n py\u00f6r\u00e4matkailun edellytyksi\u00e4 sek\u00e4 retkipy\u00f6r\u00e4ilyyn soveltuva uusi rengasreitti Liminka-Oulainen-Pyh\u00e4joki-Raahe-Liminka v\u00e4lille. Kyl\u00e4talolle onkin my\u00f6nnetty\u00a0valtakunnallinen Tervetuloa Py\u00f6r\u00e4ilij\u00e4 [&hellip;]","og_url":"https:\/\/www.pirttikoskenkyla.fi\/en\/welcome-cyclist-tervetuloa-pyorailija\/","og_site_name":"Pirttikosken kyl&auml;","article_publisher":"https:\/\/www.facebook.com\/pirttikoskenkylayhdistys\/","article_modified_time":"2024-07-20T12:33:01+00:00","og_image":[{"width":1600,"height":350,"url":"https:\/\/www.pirttikoskenkyla.fi\/wp-content\/uploads\/WP-artikkelikuva.jpg","type":"image\/jpeg"}],"twitter_card":"summary_large_image","schema":{"@context":"https:\/\/schema.org","@graph":[{"@type":"WebPage","@id":"https:\/\/www.pirttikoskenkyla.fi\/welcome-cyclist-tervetuloa-pyorailija\/","url":"https:\/\/www.pirttikoskenkyla.fi\/welcome-cyclist-tervetuloa-pyorailija\/","name":"WELCOME CYCLIST - Tervetuloa Py\u00f6r\u00e4ilij\u00e4 - Pirttikosken kyl&auml;","isPartOf":{"@id":"https:\/\/www.pirttikoskenkyla.fi\/#website"},"primaryImageOfPage":{"@id":"https:\/\/www.pirttikoskenkyla.fi\/welcome-cyclist-tervetuloa-pyorailija\/#primaryimage"},"image":{"@id":"https:\/\/www.pirttikoskenkyla.fi\/welcome-cyclist-tervetuloa-pyorailija\/#primaryimage"},"thumbnailUrl":"https:\/\/www.pirttikoskenkyla.fi\/wp-content\/uploads\/WP-artikkelikuva.jpg","datePublished":"2023-05-26T11:36:49+00:00","dateModified":"2024-07-20T12:33:01+00:00","breadcrumb":{"@id":"https:\/\/www.pirttikoskenkyla.fi\/welcome-cyclist-tervetuloa-pyorailija\/#breadcrumb"},"inLanguage":"en-GB","potentialAction":[{"@type":"ReadAction","target":["https:\/\/www.pirttikoskenkyla.fi\/welcome-cyclist-tervetuloa-pyorailija\/"]}]},{"@type":"ImageObject","inLanguage":"en-GB","@id":"https:\/\/www.pirttikoskenkyla.fi\/welcome-cyclist-tervetuloa-pyorailija\/#primaryimage","url":"https:\/\/www.pirttikoskenkyla.fi\/wp-content\/uploads\/WP-artikkelikuva.jpg","contentUrl":"https:\/\/www.pirttikoskenkyla.fi\/wp-content\/uploads\/WP-artikkelikuva.jpg","width":1600,"height":350},{"@type":"BreadcrumbList","@id":"https:\/\/www.pirttikoskenkyla.fi\/welcome-cyclist-tervetuloa-pyorailija\/#breadcrumb","itemListElement":[{"@type":"ListItem","position":1,"name":"Etusivu","item":"https:\/\/www.pirttikoskenkyla.fi\/"},{"@type":"ListItem","position":2,"name":"WELCOME CYCLIST &#8211; Tervetuloa Py\u00f6r\u00e4ilij\u00e4"}]},{"@type":"WebSite","@id":"https:\/\/www.pirttikoskenkyla.fi\/#website","url":"https:\/\/www.pirttikoskenkyla.fi\/","name":"Pirttikoski Village","description":"","potentialAction":[{"@type":"SearchAction","target":{"@type":"EntryPoint","urlTemplate":"https:\/\/www.pirttikoskenkyla.fi\/?s={search_term_string}"},"query-input":"required name=search_term_string"}],"inLanguage":"en-GB"}]}},"_links":{"self":[{"href":"https:\/\/www.pirttikoskenkyla.fi\/en\/wp-json\/wp\/v2\/pages\/861"}],"collection":[{"href":"https:\/\/www.pirttikoskenkyla.fi\/en\/wp-json\/wp\/v2\/pages"}],"about":[{"href":"https:\/\/www.pirttikoskenkyla.fi\/en\/wp-json\/wp\/v2\/types\/page"}],"author":[{"embeddable":true,"href":"https:\/\/www.pirttikoskenkyla.fi\/en\/wp-json\/wp\/v2\/users\/2"}],"replies":[{"embeddable":true,"href":"https:\/\/www.pirttikoskenkyla.fi\/en\/wp-json\/wp\/v2\/comments?post=861"}],"version-history":[{"count":35,"href":"https:\/\/www.pirttikoskenkyla.fi\/en\/wp-json\/wp\/v2\/pages\/861\/revisions"}],"predecessor-version":[{"id":1161,"href":"https:\/\/www.pirttikoskenkyla.fi\/en\/wp-json\/wp\/v2\/pages\/861\/revisions\/1161"}],"wp:featuredmedia":[{"embeddable":true,"href":"https:\/\/www.pirttikoskenkyla.fi\/en\/wp-json\/wp\/v2\/media\/898"}],"wp:attachment":[{"href":"https:\/\/www.pirttikoskenkyla.fi\/en\/wp-json\/wp\/v2\/media?parent=861"}],"curies":[{"name":"wp","href":"https:\/\/api.w.org\/{rel}","templated":true}]}}